{"id":3673,"date":"2023-08-21T07:58:40","date_gmt":"2023-08-21T07:58:40","guid":{"rendered":"https:\/\/jubopadel.com\/politica-legale\/"},"modified":"2023-12-19T14:28:05","modified_gmt":"2023-12-19T14:28:05","slug":"politica-legale","status":"publish","type":"page","link":"https:\/\/jubopadel.com\/it\/politica-legale\/","title":{"rendered":"Avviso legale"},"content":{"rendered":"\n<p>In conformit\u00e0 all&#8217;art. 10 della Legge 34\/2002, dell&#8217;11 luglio, sui servizi della societ\u00e0 dell&#8217;informazione e del commercio elettronico, vi informiamo che il responsabile di questo sito web \u00e8 10 della Legge 34\/2002, dell&#8217;11 luglio, sui servizi della societ\u00e0 dell&#8217;informazione e del commercio elettronico, vi informiamo che il responsabile di questo sito web \u00e8:<\/p>\n\n<ul class=\"wp-block-list\">\n<li>IDENTIT\u00c0: &#8220;JUBOPADEL INTERNACIONAL SL<\/li>\n\n\n\n<li>C.I.F \/ N.I.F.: B53298808<\/li>\n\n\n\n<li>INDIRIZZO: C\/ RIU XUQUER, 6, 03778 BENIARBEIG (ALICANTE)<\/li>\n\n\n\n<li>TELEFONO: 865727153<\/li>\n\n\n\n<li>E-MAIL: admin@judopadel.com<\/li>\n\n\n\n<li>DATI DI REGISTRAZIONE: Societ\u00e0 iscritta al Registro Mercantile di Alicante,<\/li>\n\n\n\n<li>volume 2142, pagina 84, foglio A-48984.<\/li>\n<\/ul>\n\n<h2 class=\"wp-block-heading\">CONDIZIONI GENERALI DI UTILIZZO DI JUBOPADEL.COM<\/h2>\n\n<h3 class=\"wp-block-heading\">1.- OGGETTO.<\/h3>\n\n<p>Le presenti condizioni generali d&#8217;uso (di seguito CGU), regolano l&#8217;accesso e l&#8217;uso del Sito web sotto il dominio JUBOPADEL.COM (di seguito Sito web), di propriet\u00e0 di &#8220;JUBOPADEL INTERNACIONAL SL&#8221; (di seguito JUBOpadel), messo a disposizione degli utenti (di seguito Utente\/i).<\/p>\n\n<p>Per qualsiasi domanda o dubbio relativo all&#8217;uso e all&#8217;accesso al Sito web o alle presenti CGU, l&#8217;utente pu\u00f2 contattarci tramite i recapiti pubblicati nell&#8217;Avviso legale.<\/p>\n\n<h3 class=\"wp-block-heading\">2.- CONFORMIT\u00c0 ALLE PRESENTI CONDIZIONI GENERALI.<\/h3>\n\n<p>L&#8217;utilizzo del Sito implica la piena accettazione da parte dell&#8217;Utente delle CGU in vigore al momento dell&#8217;accesso al Sito. Pertanto, se l&#8217;Utente non \u00e8 d&#8217;accordo con una qualsiasi delle condizioni qui stabilite, deve astenersi dall&#8217;utilizzare questo Sito.<\/p>\n\n<p>Di conseguenza, l&#8217;Utente deve leggere attentamente le CDU ogni volta che intende utilizzare il Sito.<\/p>\n\n<p>In ogni caso, JUBOpadel si riserva il diritto di modificare, senza preavviso e in qualsiasi momento, le CDU. Inoltre, JUBOpadel si riserva il diritto di sospendere, interrompere o cessare la gestione del sito web in qualsiasi momento.<\/p>\n\n<p>Per &#8220;utilizzo del Sito&#8221; si intende qualsiasi utente che acceda e navighi sul Sito indipendentemente dalla compilazione dei moduli di registrazione.<\/p>\n\n<h3 class=\"wp-block-heading\">3.- CONDIZIONI DI ACCESSO E DI UTILIZZO DEL SITO WEB E DEI SUOI CONTENUTI.<\/h3>\n\n<p>L&#8217;accesso al Sito e\/o ai Contenuti in esso inclusi non implica alcuna garanzia circa l&#8217;idoneit\u00e0 del Sito e\/o dei Contenuti in esso inclusi per scopi particolari o specifici degli Utenti.<\/p>\n\n<p>JUBOpadel pu\u00f2 stabilire limitazioni e\/o condizioni aggiuntive per l&#8217;utilizzo e\/o l&#8217;accesso al Sito e\/o ai Contenuti, che devono essere rispettate dagli Utenti in ogni caso.<\/p>\n\n<h4 class=\"wp-block-heading\">3.1- Accesso e utilizzo del sito web.<\/h4>\n\n<p>Se non diversamente stabilito, l&#8217;utilizzo del Sito web sar\u00e0 gratuito, fatto salvo il costo della connessione attraverso la corrispondente rete di telecomunicazioni contratta dall&#8217;Utente.<\/p>\n\n<p>L&#8217;Utente riconosce di avere pi\u00f9 di diciotto anni, ed \u00e8 altres\u00ec consapevole e accetta volontariamente ed espressamente che l&#8217;utilizzo del Sito Web avviene in ogni caso sotto la sua sola ed esclusiva responsabilit\u00e0.<\/p>\n\n<p>L&#8217;Utente si impegna a rispettare le CGU, nonch\u00e9 a rispettare le avvertenze o le istruzioni particolari contenute nel Sito e ad agire sempre nel rispetto della legge, delle buone consuetudini e dei requisiti di buona fede, usando la massima diligenza tenendo conto della natura e della considerazione del servizio di cui usufruisce. A tal fine, l&#8217;utente si asterr\u00e0 dall&#8217;utilizzare il Sito in qualsiasi modo che possa impedire, danneggiare o compromettere il normale funzionamento dello stesso, la propriet\u00e0 o i diritti di JUBOpadel, dei suoi fornitori, dei suoi distributori, degli altri utenti o in generale di qualsiasi terza parte.<\/p>\n\n<p>In particolare, e senza che ci\u00f2 implichi alcuna restrizione all&#8217;obbligo assunto dall&#8217;Utente in generale ai sensi del paragrafo precedente, l&#8217;Utente accetta di utilizzare il Sito Web:<\/p>\n\n<ul class=\"wp-block-list\">\n<li>Non inserire, memorizzare o diffondere sul Sito o dal Sito informazioni o materiali diffamatori, calunniosi, osceni, minacciosi, xenofobi, pornografici, di supporto al terrorismo, di incitamento alla violenza, di discriminazione per razza, sesso, ideologia, religione o che comunque violino la forma, l&#8217;ordine pubblico, i diritti fondamentali, le libert\u00e0 pubbliche, l&#8217;onore, la privacy o l&#8217;immagine di terzi e in generale la normativa vigente.<\/li>\n\n\n\n<li>Non introdurre, memorizzare o diffondere attraverso il Sito alcun programma informatico, dato, virus, codice, o qualsiasi altro strumento o dispositivo elettronico o fisico che possa causare danni al Sito, a qualsiasi servizio, o a qualsiasi apparecchiatura, sistema o rete di JUBOpadel, di qualsiasi Utente, Fornitore o Distributore di JUBOpadel o in generale di qualsiasi terzo, in grado di causare qualsiasi tipo di alterazione o impedire il normale funzionamento dello stesso.<\/li>\n\n\n\n<li>Non inserire, memorizzare o diffondere attraverso il Sito alcun contenuto che violi le norme sulla propriet\u00e0 intellettuale, industriale o i diritti di terzi, o in generale qualsiasi contenuto che non detenga, in conformit\u00e0 alla legge, il diritto di renderlo disponibile a terzi.<\/li>\n<\/ul>\n\n<h4 class=\"wp-block-heading\">3.2- Accesso e utilizzo dei Contenuti.<\/h4>\n\n<p>I Contenuti del Sito sono messi a disposizione dell&#8217;Utente con informazioni provenienti sia da fonti proprie che da terzi.<\/p>\n\n<p>JUBOpadel cerca di assicurare che i Contenuti siano della massima qualit\u00e0 possibile e ragionevolmente aggiornati, ma non garantisce l&#8217;utilit\u00e0, l&#8217;accuratezza, la completezza, la pertinenza e\/o la tempestivit\u00e0 dei Contenuti.<\/p>\n\n<h3 class=\"wp-block-heading\">4.- DIRITTI DI PROPRIET\u00c0 INTELLETTUALE E INDUSTRIALE.<\/h3>\n\n<p>Le presenti CGU non trasferiscono alcun diritto di propriet\u00e0 intellettuale o industriale sul Sito o sui suoi elementi costitutivi e all&#8217;Utente \u00e8 fatto espresso divieto di riprodurre, trasformare, distribuire, comunicare pubblicamente, mettere a disposizione, estrarre, riutilizzare, rinviare o utilizzare uno qualsiasi di essi in qualsiasi modo, con qualsiasi mezzo o procedura, salvo nei casi in cui ci\u00f2 sia legalmente consentito o autorizzato dal titolare dei diritti corrispondenti.<\/p>\n\n<p>L&#8217;Utente pu\u00f2 visualizzare e ottenere una copia privata temporanea dei Contenuti per uso esclusivamente personale e privato sui propri sistemi informatici (software e hardware), a condizione che ci\u00f2 non sia finalizzato allo svolgimento di attivit\u00e0 commerciali o professionali. L&#8217;Utente deve astenersi dall&#8217;ottenere, o tentare di ottenere, i Contenuti con mezzi o procedure diversi da quelli che in ogni caso sono stati messi a disposizione o indicati a tale scopo o da quelli normalmente utilizzati su Internet (a condizione che questi ultimi non comportino il rischio di danneggiare o disattivare il Sito). L&#8217;Utente deve sempre rispettare<\/p>\n\n<p>in ogni momento tutti i diritti di propriet\u00e0 intellettuale e industriale sul Sito, di propriet\u00e0 di JUBOpadel o di terzi.<\/p>\n\n<h3 class=\"wp-block-heading\">5.- ESCLUSIONE DI GARANZIE E RESPONSABILIT\u00c0.<\/h3>\n\n<h4 class=\"wp-block-heading\">5.1.- Esclusione di garanzie e responsabilit\u00e0 per il funzionamento del sito web.<\/h4>\n\n<p>JUBOpadel non garantisce la disponibilit\u00e0 e la continuit\u00e0 del funzionamento del Sito e dei servizi o dei contenuti in esso offerti, n\u00e9 l&#8217;aggiornamento dei contenuti esistenti sul proprio Sito, essendo esonerata da qualsiasi responsabilit\u00e0 per i danni di qualsiasi tipo che possano derivare da tali circostanze.<\/p>\n\n<p>JUBOpadel compir\u00e0, sempre che non sussistano circostanze che ne rendano impossibile o difficile l&#8217;esecuzione e non appena verr\u00e0 a conoscenza di errori, disconnessioni e\/o mancato aggiornamento dei contenuti, tutti gli sforzi per correggere gli errori, ripristinare la comunicazione e\/o aggiornare i contenuti a cui si riferisce.<\/p>\n\n<p>Inoltre, JUBOpadel non garantisce l&#8217;affidabilit\u00e0 tecnica del suo Sito web, n\u00e9 l&#8217;accesso alle sue varie pagine, essendo allo stesso modo esonerato da qualsiasi responsabilit\u00e0 per i danni di qualsiasi tipo che possano derivare da questa causa.<\/p>\n\n<p>Inoltre, JUBOpadel non \u00e8 responsabile di eventuali errori o carenze di sicurezza che possono verificarsi a causa dell&#8217;utilizzo da parte dell&#8217;Utente di un browser di una versione obsoleta o insicura del browser o di danni, errori o imprecisioni che possono derivare dal malfunzionamento dello stesso.<\/p>\n\n<p>Al fine di ridurre il rischio di introduzione di virus sul sito web, utilizza programmi di rilevamento dei virus per controllare tutti i contenuti immessi sul sito web. Tuttavia, JUBOpadel non garantisce l&#8217;assenza di virus o di altri elementi sul Sito introdotti da terzi estranei a JUBOpadel che possano causare alterazioni nei sistemi fisici o logici degli utenti o nei documenti e file elettronici memorizzati sui loro sistemi. Di conseguenza, JUBOpadel non sar\u00e0 in alcun caso responsabile dei danni di qualsiasi tipo derivanti dalla presenza di virus o di altri elementi che possono causare alterazioni nei sistemi fisici o logici, nei documenti elettronici o nei file degli utenti.<\/p>\n\n<p>JUBOpadel adotta diverse misure di protezione per proteggere il Sito, i dati raccolti e i Contenuti da attacchi informatici da parte di terzi. Tuttavia, JUBOpadel non garantisce che terzi non autorizzati possano avere accesso al tipo di utilizzo o di navigazione del Sito che fa l&#8217;Utente o alle condizioni, caratteristiche e circostanze in cui esso avviene. Di conseguenza, JUBOpadel non sar\u00e0 in alcun caso responsabile di eventuali danni derivanti da tale accesso non autorizzato.<\/p>\n\n<p>JUBOpadel non \u00e8 responsabile in nessun caso dell&#8217;uso che gli utenti e\/o i terzi possono fare del Sito o dei Contenuti, n\u00e9 dei danni che ne possono derivare.<\/p>\n\n<h4 class=\"wp-block-heading\">5.2 .- Esclusione di garanzie e responsabilit\u00e0 per il Contenuto.<\/h4>\n\n<p>JUBOpadel non modifica i Contenuti di terzi pubblicati sul Sito e, pertanto, non garantisce e non \u00e8 responsabile della legalit\u00e0, affidabilit\u00e0, utilit\u00e0, veridicit\u00e0, accuratezza, completezza e tempestivit\u00e0 di tali Contenuti, n\u00e9 dei Contenuti di propriet\u00e0 di JUBOpadel. JUBOpadel non \u00e8 responsabile in alcun caso per eventuali danni che possono derivare da: (i) la mancanza di legalit\u00e0, veridicit\u00e0, accuratezza, completezza e\/o tempestivit\u00e0 dei Contenuti originati da terzi e propri; (ii) l&#8217;inadeguatezza del contenuto del sito, compreso il contenuto del sito.<\/p>\n\n<p>(ii) l&#8217;inadeguatezza a qualsiasi scopo e la delusione delle aspettative generate dai Contenuti; (iii) decisioni o azioni prese o evitate dall&#8217;utente in base alle informazioni o ai dati forniti o forniti nei Contenuti, compresa, a titolo esemplificativo, la perdita di profitti o di opportunit\u00e0 commerciali.<\/p>\n\n<h3 class=\"wp-block-heading\">6. COLLEGAMENTI IPERTESTUALI.<\/h3>\n\n<p>Le persone che intendono stabilire collegamenti ipertestuali tra la propria pagina web e il Sito devono osservare e rispettare le seguenti condizioni:<\/p>\n\n<ul class=\"wp-block-list\">\n<li>i) L&#8217;autorizzazione preventiva non \u00e8 necessaria quando il collegamento ipertestuale consente solo l&#8217;accesso alla home page del Sito web, ma non pu\u00f2 essere riprodotto in alcuna forma. Qualsiasi altra forma di collegamento ipertestuale richiede l&#8217;espressa e inequivocabile autorizzazione scritta di JUBOpadel.<\/li>\n\n\n\n<li>ii) La pagina Web in cui viene stabilito il collegamento ipertestuale pu\u00f2 contenere solo ci\u00f2 che \u00e8 strettamente necessario per identificare la destinazione del collegamento ipertestuale.<\/li>\n\n\n\n<li>iii) La pagina Web su cui viene stabilito il collegamento ipertestuale non deve contenere informazioni o contenuti illegali, contrari alla morale e ai buoni costumi generalmente accettati e all&#8217;ordine pubblico, n\u00e9 contenuti contrari a qualsiasi diritto di terzi.<\/li>\n\n\n\n<li>iv) JUBOpadel si riserva il diritto di bloccare i collegamenti ipertestuali al Sito che non siano stati preventivamente ed espressamente autorizzati anche nel rispetto di quanto previsto al presente punto delle Condizioni Generali.<\/li>\n<\/ul>\n\n<h3 class=\"wp-block-heading\">7 .- AZIONI IN CASO DI VIOLAZIONE.<\/h3>\n\n<p>JUBOpadel si riserva il diritto di esercitare le azioni previste dalla legge per far valere le responsabilit\u00e0 derivanti dalla violazione di una qualsiasi delle disposizioni delle presenti Condizioni Generali del Sito da parte di un utente.<\/p>\n\n<h3 class=\"wp-block-heading\">8.- NULLIT\u00c0 PARZIALE.<\/h3>\n\n<p>La dichiarazione di nullit\u00e0, invalidit\u00e0 o inefficacia di una qualsiasi delle clausole contenute nelle presenti Condizioni Generali non pregiudica la validit\u00e0 o l&#8217;efficacia delle restanti clausole, che continueranno a essere vincolanti tra le parti.<\/p>\n\n<h3 class=\"wp-block-heading\">9.- LEGGE APPLICABILE E GIURISDIZIONE.<\/h3>\n\n<p>Le presenti CDU sono disciplinate dalle disposizioni della legge spagnola.<\/p>\n\n<p>Per qualsiasi controversia relativa alle condizioni di utilizzo e di accesso al presente Sito Web contenute nel presente documento delle CGU del Sito Web, le parti si sottopongono, rinunciando espressamente a qualsiasi altra giurisdizione che possa corrispondere loro, se non diversamente stabilito dalla legge, ai Tribunali di Denia.<\/p>\n\n<h3 class=\"wp-block-heading\">10.- NOTIFICHE.<\/h3>\n\n<p>Ai fini della pratica delle notifiche appropriate, JUBOpadel ha designato l&#8217;indirizzo di contatto specificato nell&#8217;Avviso Legale.<\/p>\n\n<p>L&#8217;indirizzo e-mail fornito dall&#8217;Utente durante il processo di registrazione sul Sito web sar\u00e0 utilizzato da JUBOpadel per l&#8217;invio di notifiche all&#8217;Utente.<\/p>\n\n<p>L&#8217;Utente ha l&#8217;obbligo di mantenere adeguatamente aggiornati i dati ai fini delle notifiche di cui alla presente clausola.<\/p>\n\n<p>Tutte le notifiche effettuate da JUBOpadel all&#8217;Utente saranno considerate valide se sono state effettuate utilizzando i dati e i mezzi sopra indicati. JUBOpadel non \u00e8 responsabile dei danni che possono derivare dalla violazione da parte dell&#8217;Utente dell&#8217;obbligo di mantenere aggiornati i propri dati di contatto.<\/p>\n\n<p><\/p>\n","protected":false},"excerpt":{"rendered":"<p>In conformit\u00e0 all&#8217;art. 10 della Legge 34\/2002, dell&#8217;11 luglio, sui servizi della societ\u00e0 dell&#8217;informazione e del commercio elettronico, vi informiamo che il responsabile di questo sito web \u00e8 10 della Legge 34\/2002, dell&#8217;11 luglio, sui servizi della societ\u00e0 dell&#8217;informazione e del commercio elettronico, vi informiamo che il responsabile di questo sito web \u00e8: CONDIZIONI GENERALI [&hellip;]<\/p>\n","protected":false},"author":1,"featured_media":0,"parent":0,"menu_order":0,"comment_status":"closed","ping_status":"closed","template":"","meta":{"footnotes":""},"class_list":["post-3673","page","type-page","status-publish","hentry"],"_links":{"self":[{"href":"https:\/\/jubopadel.com\/it\/wp-json\/wp\/v2\/pages\/3673","targetHints":{"allow":["GET"]}}],"collection":[{"href":"https:\/\/jubopadel.com\/it\/wp-json\/wp\/v2\/pages"}],"about":[{"href":"https:\/\/jubopadel.com\/it\/wp-json\/wp\/v2\/types\/page"}],"author":[{"embeddable":true,"href":"https:\/\/jubopadel.com\/it\/wp-json\/wp\/v2\/users\/1"}],"replies":[{"embeddable":true,"href":"https:\/\/jubopadel.com\/it\/wp-json\/wp\/v2\/comments?post=3673"}],"version-history":[{"count":8,"href":"https:\/\/jubopadel.com\/it\/wp-json\/wp\/v2\/pages\/3673\/revisions"}],"predecessor-version":[{"id":9911,"href":"https:\/\/jubopadel.com\/it\/wp-json\/wp\/v2\/pages\/3673\/revisions\/9911"}],"wp:attachment":[{"href":"https:\/\/jubopadel.com\/it\/wp-json\/wp\/v2\/media?parent=3673"}],"curies":[{"name":"wp","href":"https:\/\/api.w.org\/{rel}","templated":true}]}}