{"id":4305,"date":"2023-08-08T08:12:46","date_gmt":"2023-08-08T08:12:46","guid":{"rendered":"https:\/\/jubopadel.com\/configurateur-de-club\/"},"modified":"2024-07-04T07:21:50","modified_gmt":"2024-07-04T07:21:50","slug":"configurateur-de-club","status":"publish","type":"page","link":"https:\/\/jubopadel.com\/fr\/configurateur-de-club\/","title":{"rendered":"Configurateur de club"},"content":{"rendered":"\n<h2 class=\"wp-block-heading\">Vous disposez d\u00e9j\u00e0 d&rsquo;un espace pour votre projet ?<\/h2>\n\n<div class=\"wp-block-columns is-layout-flex wp-container-core-columns-is-layout-9d6595d7 wp-block-columns-is-layout-flex\">\n<div class=\"wp-block-column is-layout-flow wp-block-column-is-layout-flow\">\n<p>Notre configurateur de club a \u00e9t\u00e9 con\u00e7u de mani\u00e8re intuitive pour vous permettre d&rsquo;avoir un premier aper\u00e7u de votre projet de padel. Il s&rsquo;agit d&rsquo;un outil formidable pour d\u00e9marrer le projet de vos r\u00eaves.<br\/><strong>Comment cela fonctionne-t-il ?<\/strong>  Il vous suffit de d\u00e9finir la dimension de la zone de votre espace, de glisser-d\u00e9poser les diff\u00e9rents \u00e9l\u00e9ments dans la zone d\u00e9finie, et c&rsquo;est tout ! N&rsquo;h\u00e9sitez pas \u00e0 vous <a href=\"https:\/\/jubopadel.com\/fr\/contact\/\">adresser \u00e0 un expert<\/a> si vous avez besoin d&rsquo;aide.<\/p>\n<\/div>\n\n\n\n<div class=\"wp-block-column is-layout-flow wp-block-column-is-layout-flow\"><\/div>\n<\/div>\n","protected":false},"excerpt":{"rendered":"<p>Vous disposez d\u00e9j\u00e0 d&rsquo;un espace pour votre projet ? Notre configurateur de club a \u00e9t\u00e9 con\u00e7u de mani\u00e8re intuitive pour vous permettre d&rsquo;avoir un premier aper\u00e7u de votre projet de padel. Il s&rsquo;agit d&rsquo;un outil formidable pour d\u00e9marrer le projet de vos r\u00eaves.Comment cela fonctionne-t-il ? Il vous suffit de d\u00e9finir la dimension de la [&hellip;]<\/p>\n","protected":false},"author":1,"featured_media":0,"parent":0,"menu_order":0,"comment_status":"closed","ping_status":"closed","template":"templates\/club-configurator.php","meta":{"footnotes":""},"class_list":["post-4305","page","type-page","status-publish","hentry"],"_links":{"self":[{"href":"https:\/\/jubopadel.com\/fr\/wp-json\/wp\/v2\/pages\/4305","targetHints":{"allow":["GET"]}}],"collection":[{"href":"https:\/\/jubopadel.com\/fr\/wp-json\/wp\/v2\/pages"}],"about":[{"href":"https:\/\/jubopadel.com\/fr\/wp-json\/wp\/v2\/types\/page"}],"author":[{"embeddable":true,"href":"https:\/\/jubopadel.com\/fr\/wp-json\/wp\/v2\/users\/1"}],"replies":[{"embeddable":true,"href":"https:\/\/jubopadel.com\/fr\/wp-json\/wp\/v2\/comments?post=4305"}],"version-history":[{"count":3,"href":"https:\/\/jubopadel.com\/fr\/wp-json\/wp\/v2\/pages\/4305\/revisions"}],"predecessor-version":[{"id":9388,"href":"https:\/\/jubopadel.com\/fr\/wp-json\/wp\/v2\/pages\/4305\/revisions\/9388"}],"wp:attachment":[{"href":"https:\/\/jubopadel.com\/fr\/wp-json\/wp\/v2\/media?parent=4305"}],"curies":[{"name":"wp","href":"https:\/\/api.w.org\/{rel}","templated":true}]}}