{"id":3671,"date":"2023-08-21T07:58:40","date_gmt":"2023-08-21T07:58:40","guid":{"rendered":"https:\/\/jubopadel.com\/politique-juridique\/"},"modified":"2026-04-28T08:45:07","modified_gmt":"2026-04-28T08:45:07","slug":"politique-juridique","status":"publish","type":"page","link":"https:\/\/jubopadel.com\/fr\/politique-juridique\/","title":{"rendered":"Avis juridique"},"content":{"rendered":"\n<p>Conform\u00e9ment \u00e0 l&rsquo;art. 10 de la Loi 34\/2002, du 11 juillet, sur les services de la soci\u00e9t\u00e9 de l&rsquo;information et le commerce \u00e9lectronique, nous vous informons que le responsable de ce site web est :<\/p>\n\n<ul class=\"wp-block-list\">\n<li>IDENTIT\u00c9 : \u00ab\u00a0JUBOPADEL INTERNACIONAL SL\u00a0\u00bb.<\/li>\n\n\n\n<li>C.I.F \/ N.I.F. : B53298808<\/li>\n\n\n\n<li>ADRESSE : C\/ RIU XUQUER, 6, 03778 BENIARBEIG (ALICANTE)<\/li>\n\n\n\n<li>T\u00c9L\u00c9PHONE : 865727153<\/li>\n\n\n\n<li>E-MAIL : admin@judopadel.com<\/li>\n\n\n\n<li>DONN\u00c9ES D&rsquo;ENREGISTREMENT : Soci\u00e9t\u00e9 inscrite au registre du commerce d&rsquo;Alicante,<\/li>\n\n\n\n<li>volume 2142, page 84, feuille A-48984.<\/li>\n<\/ul>\n\n<h2 class=\"wp-block-heading\">CONDITIONS G\u00c9N\u00c9RALES D&rsquo;UTILISATION DU SITE JUBOPADEL.COM<\/h2>\n\n<h3 class=\"wp-block-heading\">1. OBJECT.<\/h3>\n\n<p>These general terms and conditions of use (hereinafter GTC) govern access to and use of the website at the domain JUBOPADEL.COM (hereinafter the Website), owned by \u201cJUBOPADEL INTERNATIONAL SL\u201d, hereinafter JUBOpadel, with company registration number B53298808, with registered office at C\/ RIU XUQUER, 6, 03778 BENIARBEIG (ALICANTE), registered in the Commercial Register of Alicante, volume 2142, folio 84, page A-48984, telephone no. 865727153 and email admin@jubopadel.com; further identifying details are set out in the Legal Notice, made available to Users browsing or interacting via the Website.<br\/>Si vous avez des questions ou des pr\u00e9occupations concernant l&rsquo;utilisation et l&rsquo;acc\u00e8s au site web ou toute clause des pr\u00e9sentes conditions g\u00e9n\u00e9rales d&rsquo;utilisation, veuillez nous contacter en utilisant les coordonn\u00e9es fournies.<\/p>\n\n<h3 class=\"wp-block-heading\">2. L&rsquo;OBJET.<\/h3>\n\n<p>Les pr\u00e9sentes conditions g\u00e9n\u00e9rales d&rsquo;utilisation (ci-apr\u00e8s \u00a0\u00bb CGU \u00ab\u00a0) r\u00e9gissent l&rsquo;acc\u00e8s, la navigation et l&rsquo;utilisation du site Web accessible via le domaine JUBOPADEL.COM, ainsi que les responsabilit\u00e9s d\u00e9coulant de l&rsquo;utilisation de son contenu, qui comprend les textes, graphiques, dessins, mod\u00e8les, codes, logiciels, photographies, musiques, vid\u00e9os, sons, bases de donn\u00e9es, images, expressions et informations, ainsi que toute autre cr\u00e9ation prot\u00e9g\u00e9e par les lois nationales et les trait\u00e9s internationaux en mati\u00e8re de propri\u00e9t\u00e9 intellectuelle et industrielle.<\/p>\n\n<p>L&rsquo;objectif principal du site Web est de fournir des informations sur l&rsquo;entreprise JUBOpadel, ainsi que de permettre un contact direct avec l&rsquo;entreprise par le biais de formulaires.<\/p>\n\n<p>L&rsquo;acc\u00e8s au site web par l&rsquo;utilisateur est libre et gratuit, sans pr\u00e9judice du fait que l&rsquo;utilisation de certains services peut n\u00e9cessiter une inscription pr\u00e9alable ou la souscription de services sp\u00e9cifiques, qui seront soumis \u00e0 leurs propres conditions de contrat ou de r\u00e9servation.<\/p>\n\n<p>L&rsquo;utilisation du site Web conf\u00e8re le statut d&rsquo;utilisateur et implique l&rsquo;acceptation totale et sans r\u00e9serve de toutes les dispositions incluses dans les pr\u00e9sentes conditions d&rsquo;utilisation dans la version publi\u00e9e au moment de l&rsquo;acc\u00e8s. Par cons\u00e9quent, si vous n&rsquo;\u00eates pas d&rsquo;accord avec l&rsquo;une des clauses \u00e9nonc\u00e9es dans les pr\u00e9sentes, vous devez vous abstenir d&rsquo;utiliser ce site web. <\/p>\n\n<p>JUBOpadel se r\u00e9serve le droit de modifier les CGU \u00e0 tout moment et sans pr\u00e9avis. En outre, JUBOpadel se r\u00e9serve le droit de suspendre, d&rsquo;interrompre ou de cesser le fonctionnement du Site \u00e0 tout moment. Par cons\u00e9quent, l&rsquo;Utilisateur doit lire attentivement les CGU chaque fois qu&rsquo;il entend utiliser le Site.  <\/p>\n\n<p>L&rsquo;expression \u00ab\u00a0utilisation du site web\u00a0\u00bb d\u00e9signe tout utilisateur qui acc\u00e8de au site web et y navigue, qu&rsquo;il remplisse des formulaires de contact, des formulaires d&rsquo;inscription, des formulaires d&rsquo;enregistrement des utilisateurs, des formulaires d&rsquo;abonnement ou des rapports d&rsquo;incident, ou qu&rsquo;il fasse des commentaires, parmi les fonctions disponibles sur le site web.<\/p>\n\n<h3 class=\"wp-block-heading\">3. CONDITIONS D&rsquo;ACC\u00c8S ET D&rsquo;UTILISATION DU SITE WEB ET DE SON CONTENU.<\/h3>\n\n<p>L&rsquo;acc\u00e8s au site web et au contenu qu&rsquo;il contient n&rsquo;implique aucune garantie quant \u00e0 l&rsquo;ad\u00e9quation du site web et du contenu qu&rsquo;il contient aux objectifs particuliers ou sp\u00e9cifiques de l&rsquo;utilisateur.<\/p>\n\n<p>JUBOpadel peut imposer des limitations et\/ou des conditions suppl\u00e9mentaires sur l&rsquo;utilisation et l&rsquo;acc\u00e8s au site Web et au contenu, que l&rsquo;utilisateur doit respecter dans tous les cas.<\/p>\n\n<p><strong>3.1. Acc\u00e8s et utilisation du site web.<\/strong><\/p>\n\n<p>Sauf indication contraire, l&rsquo;utilisation du site web est gratuite, sans pr\u00e9judice du co\u00fbt de la connexion via le r\u00e9seau de t\u00e9l\u00e9communications pertinent contract\u00e9 par l&rsquo;utilisateur.<\/p>\n\n<p>L&rsquo;utilisateur reconna\u00eet \u00eatre \u00e2g\u00e9 de plus de dix-huit ans ; en outre, il est conscient et accepte volontairement et express\u00e9ment que l&rsquo;utilisation du site web se fait, dans tous les cas, sous sa seule et unique responsabilit\u00e9.<\/p>\n\n<p>Pour s&rsquo;inscrire et acc\u00e9der \u00e0 certains services ou zones restreintes du site web, l&rsquo;utilisateur doit \u00eatre \u00e2g\u00e9 de plus de 18 ans et fournir des informations v\u00e9ridiques, exactes, compl\u00e8tes et \u00e0 jour.<\/p>\n\n<p>L&rsquo;utilisateur enregistr\u00e9 est responsable \u00e0 tout moment de la conservation de son mot de passe et, par cons\u00e9quent, de tout dommage pouvant r\u00e9sulter de son utilisation abusive, ainsi que de son transfert, de sa divulgation ou de sa perte.<\/p>\n\n<p>L&rsquo;utilisateur s&rsquo;engage \u00e0 notifier imm\u00e9diatement \u00e0 JUBOpadel tout \u00e9v\u00e9nement susceptible d&rsquo;entra\u00eener une utilisation abusive des noms d&rsquo;utilisateur et\/ou des mots de passe, tels que le vol, la perte ou l&rsquo;acc\u00e8s non autoris\u00e9, afin qu&rsquo;ils soient imm\u00e9diatement annul\u00e9s.<\/p>\n\n<p>L&rsquo;utilisateur enregistr\u00e9 ne peut en aucun cas c\u00e9der ou transf\u00e9rer son statut d&rsquo;utilisateur enregistr\u00e9 ou ses identifiants d&rsquo;acc\u00e8s \u00e0 des tiers.<\/p>\n\n<p>La participation \u00e0 des forums, commentaires, critiques ou tout autre espace interactif sur le site Web doit \u00eatre effectu\u00e9e conform\u00e9ment aux pr\u00e9sentes conditions d&rsquo;utilisation, et JUBOpadel se r\u00e9serve le droit de supprimer tout contenu offensant, ill\u00e9gal ou contraire \u00e0 ces conditions.<\/p>\n\n<p>L&rsquo;Utilisateur s&rsquo;engage \u00e0 respecter les Conditions d&rsquo;Utilisation, ainsi que tout avertissement ou instruction sp\u00e9ciale contenue sur le Site Web, et \u00e0 agir \u00e0 tout moment conform\u00e9ment \u00e0 la loi, aux bonnes m\u0153urs et aux exigences de la bonne foi, en faisant preuve de la plus grande prudence compte tenu de la nature et de la consid\u00e9ration du service qu&rsquo;il utilise. \u00c0 cet effet, ils s&rsquo;abstiendront d&rsquo;utiliser le Site Internet de mani\u00e8re \u00e0 emp\u00eacher, endommager ou porter atteinte \u00e0 son fonctionnement normal, ou aux biens ou aux droits de JUBOpadel, de ses fournisseurs, de ses distributeurs, des autres Utilisateurs ou, en g\u00e9n\u00e9ral, de tout tiers. <\/p>\n\n<p>En particulier, et sans que cela n&rsquo;implique une quelconque restriction de l&rsquo;obligation g\u00e9n\u00e9rale de l&rsquo;Utilisateur en vertu du paragraphe pr\u00e9c\u00e9dent, l&rsquo;Utilisateur s&rsquo;engage, dans le cadre de l&rsquo;utilisation du Site Internet :<\/p>\n\n<p>&#8211; Ne pas utiliser le site web \u00e0 des fins ill\u00e9gales ou contraires aux pr\u00e9sentes conditions d&rsquo;utilisation, \u00e0 la bonne foi ou \u00e0 l&rsquo;ordre public.<\/p>\n\n<p>&#8211; Ne pas introduire, stocker ou diffuser sur ou via le site web toute information ou mat\u00e9riel \u00e0 caract\u00e8re diffamatoire, calomnieux, obsc\u00e8ne, mena\u00e7ant, x\u00e9nophobe, pornographique, faisant l&rsquo;apologie du terrorisme, incitant \u00e0 la violence, \u00e0 la discrimination fond\u00e9e sur la race, le sexe, l&rsquo;id\u00e9ologie ou la religion, ou portant atteinte de quelque mani\u00e8re que ce soit \u00e0 la forme, \u00e0 l&rsquo;ordre public, aux droits fondamentaux, aux libert\u00e9s publiques, \u00e0 l&rsquo;honneur, \u00e0 la vie priv\u00e9e ou \u00e0 l&rsquo;image de tiers, et d&rsquo;une mani\u00e8re g\u00e9n\u00e9rale \u00e0 la l\u00e9gislation en vigueur.<\/p>\n\n<p>&#8211; Ne pas introduire, stocker ou diffuser via le site Web tout programme informatique, donn\u00e9es, virus, code ou tout autre instrument ou dispositif \u00e9lectronique ou physique susceptible de causer des dommages au site Web, \u00e0 l&rsquo;un des services ou \u00e0 l&rsquo;un des \u00e9quipements, syst\u00e8mes ou r\u00e9seaux de JUBOpadel, de tout utilisateur, des fournisseurs ou distributeurs de JUBOpadel, ou en g\u00e9n\u00e9ral de tout tiers, susceptible de causer tout type de perturbation ou d&#8217;emp\u00eacher le fonctionnement normal de ces derniers.<\/p>\n\n<p>&#8211; Usurper l&rsquo;identit\u00e9 d&rsquo;autres utilisateurs, fournir des informations fausses ou inexactes, ou prendre toute mesure susceptible d&rsquo;induire les autres en erreur quant \u00e0 l&rsquo;identit\u00e9 de l&rsquo;utilisateur.<\/p>\n\n<p>&#8211; Ne pas introduire, stocker ou diffuser via le site Web des contenus qui enfreignent les droits de propri\u00e9t\u00e9 intellectuelle ou industrielle ou les droits de tiers, ni, en g\u00e9n\u00e9ral, des contenus pour lesquels l&rsquo;utilisateur ne d\u00e9tient pas, conform\u00e9ment \u00e0 la loi, le droit de les mettre \u00e0 la disposition de tiers.<\/p>\n\n<p>&#8211; Reproduire, copier, distribuer, mettre \u00e0 disposition ou communiquer publiquement de toute autre mani\u00e8re le contenu du site web sans l&rsquo;autorisation expresse du titulaire des droits concern\u00e9s.<\/p>\n\n<p>&#8211; de pratiquer le spamming, la publicit\u00e9 non autoris\u00e9e ou l&rsquo;envoi massif de courriers \u00e9lectroniques via les formulaires du site web.<\/p>\n\n<h4 class=\"wp-block-heading\">3.2. Acc\u00e8s et utilisation du contenu.<\/h4>\n\n<p>Le contenu du site web est mis \u00e0 la disposition des utilisateurs et comprend des informations provenant \u00e0 la fois de nos propres sources et de tiers.<\/p>\n\n<p>JUBOpadel s&rsquo;efforce de veiller \u00e0 ce que le contenu soit de la meilleure qualit\u00e9 possible et raisonnablement \u00e0 jour, mais ne garantit pas l&rsquo;utilit\u00e9, l&rsquo;exactitude, l&rsquo;exhaustivit\u00e9, la pertinence et\/ou l&rsquo;actualit\u00e9 du contenu.<\/p>\n\n<h3 class=\"wp-block-heading\">4. DROITS DE PROPRI\u00c9T\u00c9 INTELLECTUELLE ET INDUSTRIELLE.<\/h3>\n\n<p>Tout le contenu du site Web, y compris, mais sans s&rsquo;y limiter, les textes, documents, photographies, dessins, graphiques, images, ic\u00f4nes, technologies, logiciels, bases de donn\u00e9es, fichiers audio, fichiers vid\u00e9o, conception graphique, code source et tout autre \u00e9l\u00e9ment en faisant partie (ci-apr\u00e8s, le \u00a0\u00bb Contenu \u00ab\u00a0), ainsi que les marques, noms commerciaux ou autres signes distinctifs, sont la propri\u00e9t\u00e9 exclusive de JUBOpadel ou de tiers ayant autoris\u00e9 leur utilisation, et sont tous prot\u00e9g\u00e9s par la l\u00e9gislation relative \u00e0 la propri\u00e9t\u00e9 intellectuelle et industrielle.<\/p>\n\n<p>En aucun cas, il ne peut \u00eatre consid\u00e9r\u00e9 qu&rsquo;une licence est accord\u00e9e, ni qu&rsquo;il y a renonciation, transfert, cession totale ou partielle de ces droits, ni qu&rsquo;un droit quelconque est conf\u00e9r\u00e9, et notamment aucun droit de modifier, exploiter, reproduire, distribuer ou communiquer publiquement ledit Contenu sans l&rsquo;autorisation pr\u00e9alable, expresse et \u00e9crite de JUBOpadel ou des titulaires de droits concern\u00e9s.<\/p>\n\n<p>L&rsquo;Utilisateur ne peut acc\u00e9der, visualiser et utiliser le Contenu que pour un usage personnel et priv\u00e9 ; son utilisation \u00e0 des fins commerciales ou professionnelles est interdite, de m\u00eame que sa modification, sa copie, son alt\u00e9ration, sa reproduction, son adaptation ou sa traduction, en tout ou en partie, sans l&rsquo;autorisation expresse des titulaires de ces droits.<\/p>\n\n<p>Le non-respect des dispositions de cette clause peut donner lieu \u00e0 l&rsquo;exercice d&rsquo;une action l\u00e9gale appropri\u00e9e pour la d\u00e9fense des droits de JUBOpadel et, le cas \u00e9ch\u00e9ant, des titulaires l\u00e9gitimes de droits de propri\u00e9t\u00e9 intellectuelle et industrielle.<\/p>\n\n<p>Les pr\u00e9sentes conditions d&rsquo;utilisation ne transf\u00e8rent aucun droit de propri\u00e9t\u00e9 intellectuelle ou industrielle sur le site web ou l&rsquo;un de ses \u00e9l\u00e9ments constitutifs, et il est express\u00e9ment interdit \u00e0 l&rsquo;utilisateur de reproduire, transformer, distribuer, communiquer publiquement, mettre \u00e0 disposition, extraire, r\u00e9utiliser, transmettre ou utiliser de quelque mani\u00e8re que ce soit, par quelque moyen ou proc\u00e9dure que ce soit, l&rsquo;un de ces \u00e9l\u00e9ments, sauf dans les cas o\u00f9 cela est l\u00e9galement permis ou autoris\u00e9 par le titulaire des droits concern\u00e9s.<\/p>\n\n<h3 class=\"wp-block-heading\">5. EXCLUSION DES GARANTIES ET DE LA RESPONSABILIT\u00c9.<\/h3>\n\n<h4 class=\"wp-block-heading\">5.1. Exclusion de garantie et de responsabilit\u00e9 pour le fonctionnement du site web.<\/h4>\n\n<p>JUBOpadel ne garantit pas la disponibilit\u00e9 ou le fonctionnement ininterrompu du Site ou des services ou contenus qui y sont propos\u00e9s, ni la mise \u00e0 jour des contenus du Site. En cons\u00e9quence, elle ne sera en aucun cas responsable des dommages de toute nature pouvant r\u00e9sulter de : <\/p>\n\n<p>&#8211; l&rsquo;indisponibilit\u00e9 ou l&rsquo;inaccessibilit\u00e9 du site web.<\/p>\n\n<p>&#8211; Les interruptions dans le fonctionnement du site Web ou les pannes informatiques, les d\u00e9faillances t\u00e9l\u00e9phoniques, les d\u00e9connexions, les retards ou les blocages caus\u00e9s par des d\u00e9ficiences ou des surcharges des lignes de t\u00e9l\u00e9communications ou de l&rsquo;Internet.<\/p>\n\n<p>&#8211; Les dommages qui peuvent \u00eatre caus\u00e9s par des tiers \u00e0 la suite d&rsquo;une intervention ill\u00e9gale \u00e9chappant au contr\u00f4le de JUBOpadel.<\/p>\n\n<p>JUBOpadel, \u00e0 condition qu&rsquo;aucune circonstance ne rende cette op\u00e9ration impossible ou difficile \u00e0 r\u00e9aliser, et d\u00e8s qu&rsquo;elle a connaissance d&rsquo;erreurs, de d\u00e9connexions et\/ou de l&rsquo;absence de mise \u00e0 jour des contenus, prend toutes les mesures n\u00e9cessaires pour rectifier les erreurs, r\u00e9tablir la communication et\/ou mettre \u00e0 jour lesdits contenus.<\/p>\n\n<p>En outre, JUBOpadel ne garantit ni la fiabilit\u00e9 technique de son site ni l&rsquo;acc\u00e8s \u00e0 ses diff\u00e9rentes pages, et est \u00e9galement exempt\u00e9e de toute responsabilit\u00e9 pour les dommages de toute nature qui pourraient d\u00e9couler de cette cause.<\/p>\n\n<p>En outre, JUBOpadel d\u00e9cline toute responsabilit\u00e9 pour les erreurs ou les failles de s\u00e9curit\u00e9 qui pourraient r\u00e9sulter de l&rsquo;utilisation par l&rsquo;utilisateur d&rsquo;une version de navigateur obsol\u00e8te ou non s\u00e9curis\u00e9e, ou pour les dommages, erreurs ou inexactitudes qui pourraient r\u00e9sulter d&rsquo;un mauvais fonctionnement du navigateur.<\/p>\n\n<p>Bien que JUBOpadel prenne les mesures de s\u00e9curit\u00e9 techniques et organisationnelles appropri\u00e9es pour prot\u00e9ger le site Web, elle ne garantit pas l&rsquo;absence de virus ou d&rsquo;autres \u00e9l\u00e9ments susceptibles d&rsquo;alt\u00e9rer le syst\u00e8me informatique de l&rsquo;utilisateur (logiciel et mat\u00e9riel) ou les documents \u00e9lectroniques et les fichiers stock\u00e9s dans son syst\u00e8me.<\/p>\n\n<p>Par cons\u00e9quent, JUBOpadel ne sera pas responsable des dommages r\u00e9sultant de la pr\u00e9sence de virus ou d&rsquo;autres \u00e9l\u00e9ments nuisibles.<\/p>\n\n<p>Afin de minimiser le risque d&rsquo;introduction de virus sur le site Web, JUBOpadel utilise un logiciel de d\u00e9tection de virus pour analyser tout le contenu t\u00e9l\u00e9charg\u00e9 sur le site Web. Cependant, JUBOpadel ne garantit pas l&rsquo;absence de virus ou d&rsquo;autres \u00e9l\u00e9ments sur le Site Internet introduits par des tiers non li\u00e9s \u00e0 JUBOpadel et susceptibles de provoquer des alt\u00e9rations dans les syst\u00e8mes physiques ou logiques de l&rsquo;Utilisateur ou dans les documents \u00e9lectroniques et les fichiers stock\u00e9s dans ses syst\u00e8mes. Par cons\u00e9quent, JUBOpadel ne sera en aucun cas responsable des dommages de toute nature pouvant d\u00e9couler de la pr\u00e9sence de virus ou d&rsquo;autres \u00e9l\u00e9ments susceptibles d&rsquo;alt\u00e9rer les syst\u00e8mes physiques ou logiques, les documents \u00e9lectroniques ou les fichiers de l&rsquo;Utilisateur.  <\/p>\n\n<p>JUBOpadel met en \u0153uvre diverses mesures de s\u00e9curit\u00e9 pour prot\u00e9ger le Site, les donn\u00e9es collect\u00e9es et le Contenu contre les cyber-attaques de tiers. Toutefois, JUBOpadel ne garantit pas que des tiers non autoris\u00e9s n&rsquo;auront pas acc\u00e8s \u00e0 l&rsquo;utilisation ou \u00e0 la navigation de l&rsquo;Utilisateur sur le Site, ni aux conditions, caract\u00e9ristiques et circonstances dans lesquelles cette utilisation a lieu. Par cons\u00e9quent, JUBOpadel ne sera en aucun cas responsable des dommages qui pourraient d\u00e9couler d&rsquo;un tel acc\u00e8s non autoris\u00e9.  <\/p>\n\n<p>JUBOpadel ne sera en aucun cas responsable de l&rsquo;usage que les Utilisateurs ou des tiers pourraient faire du Site ou du Contenu, ni des dommages qui pourraient en d\u00e9couler.<\/p>\n\n<h4 class=\"wp-block-heading\">5.2. Exclusion des garanties et de la responsabilit\u00e9 pour le contenu.<\/h4>\n\n<p>JUBOpadel n&rsquo;\u00e9dite pas le contenu de tiers publi\u00e9 sur le site Web et, par cons\u00e9quent, ne garantit pas et n&rsquo;est pas responsable de la l\u00e9galit\u00e9, de la fiabilit\u00e9, de l&rsquo;utilit\u00e9, de la v\u00e9racit\u00e9, de l&rsquo;exactitude, de l&rsquo;exhaustivit\u00e9 et de l&rsquo;actualit\u00e9 de ce contenu, ni du contenu appartenant \u00e0 JUBOpadel. JUBOpadel ne sera en aucun cas responsable des dommages qui pourraient survenir : (i) le manque de l\u00e9galit\u00e9, de v\u00e9racit\u00e9, d&rsquo;exactitude, d&rsquo;exhaustivit\u00e9 et\/ou d&rsquo;actualit\u00e9 du contenu provenant de tierces parties et de leur propre contenu ; (ii) le caract\u00e8re inappropri\u00e9 du contenu du site, y compris le contenu du site.<\/p>\n\n<p>(ii) l&rsquo;inadaptation \u00e0 tout usage et la d\u00e9ception des attentes suscit\u00e9es par le contenu ; (iii) les d\u00e9cisions ou actions prises ou \u00e9vit\u00e9es par l&rsquo;utilisateur sur la base des informations ou donn\u00e9es fournies dans le contenu, y compris, mais sans s&rsquo;y limiter, la perte de profits ou d&rsquo;opportunit\u00e9s commerciales.<\/p>\n\n<p><strong>5.3. Clause de non-responsabilit\u00e9 concernant les services fournis par des tiers via le site web.<\/strong><\/p>\n\n<p>Le site web peut fournir aux utilisateurs des dispositifs techniques de liaison (tels que des liens, des banni\u00e8res et des boutons), des r\u00e9pertoires et des outils de recherche qui permettent d&rsquo;acc\u00e9der \u00e0 des sites web d\u00e9tenus et\/ou g\u00e9r\u00e9s par des tiers.<\/p>\n\n<p>JUBOpadel n&rsquo;offre ni ne commercialise, elle-m\u00eame ou par l&rsquo;interm\u00e9diaire de tiers, les produits et\/ou services disponibles sur ces sites li\u00e9s, et n&rsquo;accepte aucune responsabilit\u00e9 pour les informations qu&rsquo;ils contiennent, ni pour les dommages qui pourraient r\u00e9sulter de leur acc\u00e8s.<\/p>\n\n<p><strong>5.4. Exclusion de la responsabilit\u00e9 pour le comportement des utilisateurs.<\/strong><\/p>\n\n<p>JUBOpadel ne sera pas responsable des dommages de toute nature r\u00e9sultant de l&rsquo;utilisation par les Utilisateurs du Site, du Contenu ou des services qui y sont propos\u00e9s, en violation des pr\u00e9sentes Conditions d&rsquo;utilisation ou de la loi.<\/p>\n\n<h3 class=\"wp-block-heading\">6. HYPERLINKS.<\/h3>\n\n<p>Toute personne souhaitant cr\u00e9er des liens hypertextes entre son site web et le pr\u00e9sent site web doit observer et respecter les conditions suivantes :<\/p>\n\n<p>&#8211; Aucune autorisation pr\u00e9alable n&rsquo;est requise lorsque l&rsquo;hyperlien permet simplement d&rsquo;acc\u00e9der \u00e0 la page d&rsquo;accueil du site, mais il ne doit pas la reproduire de quelque mani\u00e8re que ce soit. Toute autre forme de lien hypertexte n\u00e9cessite une autorisation \u00e9crite, expresse et non \u00e9quivoque de JUBOpadel. <\/p>\n\n<p>&#8211; Le site web sur lequel l&rsquo;hyperlien est \u00e9tabli ne peut contenir que ce qui est strictement n\u00e9cessaire pour identifier la destination de l&rsquo;hyperlien.<\/p>\n\n<p>&#8211; Le site web sur lequel l&rsquo;hyperlien est \u00e9tabli ne doit pas contenir d&rsquo;informations ou de contenus ill\u00e9gaux, contraires \u00e0 la morale et aux normes g\u00e9n\u00e9ralement accept\u00e9es en mati\u00e8re de d\u00e9cence et d&rsquo;ordre public, ni de contenus contraires aux droits de tiers.<\/p>\n\n<p>&#8211; JUBOpadel se r\u00e9serve le droit de bloquer les liens hypertextes vers le Site Web qui n&rsquo;ont pas fait l&rsquo;objet d&rsquo;une autorisation pr\u00e9alable et expresse, m\u00eame s&rsquo;ils sont conformes aux dispositions de la pr\u00e9sente section des Conditions G\u00e9n\u00e9rales.<\/p>\n\n<h3 class=\"wp-block-heading\">7. RECOURS EN CAS DE VIOLATION.<\/h3>\n\n<p>JUBOpadel se r\u00e9serve le droit d&rsquo;engager toutes les actions l\u00e9gales \u00e0 sa disposition pour faire respecter la responsabilit\u00e9 d\u00e9coulant de toute violation des pr\u00e9sentes conditions d&rsquo;utilisation par l&rsquo;utilisateur.<\/p>\n\n<h3 class=\"wp-block-heading\"><strong>8. INVALIDIT\u00c9 PARTIELLE.<\/strong><\/h3>\n\n<p>La d\u00e9claration de nullit\u00e9, d&rsquo;invalidit\u00e9 ou d&rsquo;inefficacit\u00e9 de l&rsquo;une quelconque des clauses contenues dans les pr\u00e9sentes conditions g\u00e9n\u00e9rales n&rsquo;affecte pas la validit\u00e9 ou l&rsquo;efficacit\u00e9 des autres clauses, qui restent contraignantes entre les parties.<\/p>\n\n<h3 class=\"wp-block-heading\"><strong>9. POLITIQUE DE CONFIDENTIALIT\u00c9 ET COOKIES :<\/strong><\/h3>\n\n<p>Le traitement des donn\u00e9es personnelles est r\u00e9gi par la politique de confidentialit\u00e9 et l&rsquo;utilisation des cookies par la politique de cookies, toutes deux disponibles sur le site web.<\/p>\n\n<h3 class=\"wp-block-heading\"><strong>10. NOTIFICATIONS.<\/strong><\/h3>\n\n<p>Aux fins d&rsquo;envoi de notifications, JUBOpadel d\u00e9signe comme adresse de contact l&rsquo;adresse sp\u00e9cifi\u00e9e dans les mentions l\u00e9gales.<\/p>\n\n<p>L&rsquo;adresse \u00e9lectronique fournie par l&rsquo;utilisateur au cours de la proc\u00e9dure d&rsquo;enregistrement sur le site Web, si un enregistrement a lieu, sera utilis\u00e9e par JUBOpadel pour envoyer des notifications \u00e0 l&rsquo;utilisateur.<\/p>\n\n<p>L&rsquo;utilisateur est tenu de maintenir \u00e0 jour les donn\u00e9es mentionn\u00e9es dans la pr\u00e9sente clause \u00e0 des fins de notification.<\/p>\n\n<p>Toutes les Notifications envoy\u00e9es par JUBOpadel \u00e0 l&rsquo;Utilisateur seront r\u00e9put\u00e9es avoir \u00e9t\u00e9 valablement effectu\u00e9es si elles ont \u00e9t\u00e9 envoy\u00e9es en utilisant les coordonn\u00e9es et via les moyens indiqu\u00e9s ci-dessus. JUBOpadel ne sera pas responsable de toute perte ou dommage pouvant r\u00e9sulter du manquement de l&rsquo;Utilisateur \u00e0 son obligation de maintenir ses coordonn\u00e9es \u00e0 jour. <\/p>\n\n<h3 class=\"wp-block-heading\"><strong>11. DROIT APPLICABLE ET JURIDICTION.<\/strong><\/h3>\n\n<p>Les pr\u00e9sentes conditions d&rsquo;utilisation sont r\u00e9gies par le droit espagnol.<\/p>\n\n<p>Tout litige relatif aux conditions d&rsquo;utilisation et d&rsquo;acc\u00e8s \u00e0 ce site Web contenues dans le document des conditions g\u00e9n\u00e9rales de ce site Web sera soumis par les parties, renon\u00e7ant express\u00e9ment \u00e0 toute autre juridiction \u00e0 laquelle elles pourraient pr\u00e9tendre, \u00e0 moins que la loi imp\u00e9rative n&rsquo;en dispose autrement, aux tribunaux comp\u00e9tents.<\/p>\n\n<p>BENIARBEIG, 27\/04\/2026<\/p>\n\n<p><\/p>\n","protected":false},"excerpt":{"rendered":"<p>Conform\u00e9ment \u00e0 l&rsquo;art. 10 de la Loi 34\/2002, du 11 juillet, sur les services de la soci\u00e9t\u00e9 de l&rsquo;information et le commerce \u00e9lectronique, nous vous informons que le responsable de ce site web est : CONDITIONS G\u00c9N\u00c9RALES D&rsquo;UTILISATION DU SITE JUBOPADEL.COM 1. OBJECT. These general terms and conditions of use (hereinafter GTC) govern access to [&hellip;]<\/p>\n","protected":false},"author":1,"featured_media":0,"parent":0,"menu_order":0,"comment_status":"closed","ping_status":"closed","template":"","meta":{"footnotes":""},"class_list":["post-3671","page","type-page","status-publish","hentry"],"_links":{"self":[{"href":"https:\/\/jubopadel.com\/fr\/wp-json\/wp\/v2\/pages\/3671","targetHints":{"allow":["GET"]}}],"collection":[{"href":"https:\/\/jubopadel.com\/fr\/wp-json\/wp\/v2\/pages"}],"about":[{"href":"https:\/\/jubopadel.com\/fr\/wp-json\/wp\/v2\/types\/page"}],"author":[{"embeddable":true,"href":"https:\/\/jubopadel.com\/fr\/wp-json\/wp\/v2\/users\/1"}],"replies":[{"embeddable":true,"href":"https:\/\/jubopadel.com\/fr\/wp-json\/wp\/v2\/comments?post=3671"}],"version-history":[{"count":7,"href":"https:\/\/jubopadel.com\/fr\/wp-json\/wp\/v2\/pages\/3671\/revisions"}],"predecessor-version":[{"id":22014,"href":"https:\/\/jubopadel.com\/fr\/wp-json\/wp\/v2\/pages\/3671\/revisions\/22014"}],"wp:attachment":[{"href":"https:\/\/jubopadel.com\/fr\/wp-json\/wp\/v2\/media?parent=3671"}],"curies":[{"name":"wp","href":"https:\/\/api.w.org\/{rel}","templated":true}]}}