{"id":3667,"date":"2023-08-21T07:58:27","date_gmt":"2023-08-21T07:58:27","guid":{"rendered":"https:\/\/jubopadel.com\/politique-en-matiere-de-cookies\/"},"modified":"2024-07-04T07:21:55","modified_gmt":"2024-07-04T07:21:55","slug":"politique-en-matiere-de-cookies","status":"publish","type":"page","link":"https:\/\/jubopadel.com\/fr\/politique-en-matiere-de-cookies\/","title":{"rendered":"Politique en mati\u00e8re de cookies"},"content":{"rendered":"\n<h2 class=\"wp-block-heading\">Qu&rsquo;est-ce qu&rsquo;un cookie ?<\/h2>\n\n<p>Les cookies sont de petits fichiers de donn\u00e9es qui sont g\u00e9n\u00e9r\u00e9s dans l&rsquo;ordinateur de l&rsquo;utilisateur et qui nous permettent de conna\u00eetre la fr\u00e9quence des visites, les contenus les plus s\u00e9lectionn\u00e9s et les \u00e9l\u00e9ments de s\u00e9curit\u00e9 qui peuvent intervenir dans le contr\u00f4le de l&rsquo;acc\u00e8s aux zones restreintes, ainsi que l&rsquo;affichage de la publicit\u00e9 selon des crit\u00e8res pr\u00e9d\u00e9finis par JUBO PADEL et qui sont activ\u00e9s par les cookies servis par ladite entit\u00e9 ou par des tiers qui fournissent ces services pour le compte de JUBO PADEL.<\/p>\n\n<p>En r\u00e8gle g\u00e9n\u00e9rale, il existe les types de cookies suivants.<\/p>\n\n<p>Selon l&rsquo;entit\u00e9 qui g\u00e8re le domaine \u00e0 partir duquel les cookies sont envoy\u00e9s et qui traite les donn\u00e9es obtenues, on peut distinguer deux types de cookies :<\/p>\n\n<p>-Cookies de premi\u00e8re partie : ceux qui sont envoy\u00e9s \u00e0 l&rsquo;\u00e9quipement terminal de l&rsquo;utilisateur \u00e0 partir d&rsquo;un ordinateur ou d&rsquo;un domaine g\u00e9r\u00e9 par l&rsquo;\u00e9diteur lui-m\u00eame et \u00e0 partir duquel le service demand\u00e9 par l&rsquo;utilisateur est fourni.<br\/>-Cookies tiers : ceux qui sont envoy\u00e9s \u00e0 l&rsquo;\u00e9quipement terminal de l&rsquo;utilisateur \u00e0 partir d&rsquo;un ordinateur ou d&rsquo;un domaine qui n&rsquo;est pas g\u00e9r\u00e9 par l&rsquo;\u00e9diteur, mais par une autre entit\u00e9 qui traite les donn\u00e9es obtenues par le biais des cookies.<\/p>\n\n<p>Dans le cas o\u00f9 les cookies sont install\u00e9s \u00e0 partir d&rsquo;un ordinateur ou d&rsquo;un domaine g\u00e9r\u00e9 par l&rsquo;\u00e9diteur lui-m\u00eame, mais que les informations collect\u00e9es par ce biais sont g\u00e9r\u00e9es par un tiers, ils ne peuvent pas \u00eatre consid\u00e9r\u00e9s comme des cookies propres.<\/p>\n\n<p>Il existe \u00e9galement une deuxi\u00e8me classification en fonction de la dur\u00e9e pendant laquelle ils restent stock\u00e9s dans le navigateur du client, qui peut \u00eatre :<\/p>\n\n<p>-Les cookies de session : con\u00e7us pour collecter et stocker des donn\u00e9es pendant que l&rsquo;utilisateur acc\u00e8de \u00e0 un site web. Ils sont g\u00e9n\u00e9ralement utilis\u00e9s pour stocker des informations dont la conservation n&rsquo;est n\u00e9cessaire que pour la fourniture du service demand\u00e9 par l&rsquo;utilisateur en une seule occasion (par exemple, une liste de produits achet\u00e9s).<\/p>\n\n<p><br\/>-Les cookies persistants : les donn\u00e9es restent stock\u00e9es dans le terminal et peuvent \u00eatre consult\u00e9es et trait\u00e9es pendant une p\u00e9riode d\u00e9finie par le gestionnaire des cookies, qui peut aller de quelques minutes \u00e0 plusieurs ann\u00e9es.<\/p>\n\n<p>Enfin, il existe une autre classification avec six types de cookies en fonction de la finalit\u00e9 du traitement des donn\u00e9es obtenues :<\/p>\n\n<p>-Cookies techniques : Les cookies techniques ou n\u00e9cessaires sont indispensables au bon fonctionnement de notre site web et comprennent des fonctionnalit\u00e9s de base telles que l&rsquo;identification de la session ou l&rsquo;acc\u00e8s des utilisateurs enregistr\u00e9s \u00e0 des zones d&rsquo;acc\u00e8s restreint. Pour ces raisons, les cookies techniques ne peuvent pas \u00eatre d\u00e9sactiv\u00e9s.<\/p>\n\n<p><br\/>-Cookies de pr\u00e9f\u00e9rence : En utilisant des cookies de pr\u00e9f\u00e9rence, le site web peut m\u00e9moriser des informations pendant votre temps de navigation associ\u00e9es \u00e0 la fa\u00e7on dont le site se comporte ou se pr\u00e9sente, comme votre langue pr\u00e9f\u00e9r\u00e9e ou la r\u00e9gion dans laquelle vous vous trouvez.<\/p>\n\n<p><br\/>-Cookies statistiques : Nous utilisons des cookies statistiques pour voir comment vous interagissez avec le site web, en recueillant des informations anonymes pendant le temps que vous passez \u00e0 naviguer sur le site web. La collecte de ces informations a pour but d&rsquo;apporter des am\u00e9liorations au site web sur la base de l&rsquo;analyse des donn\u00e9es agr\u00e9g\u00e9es.<\/p>\n\n<p><br\/>-Cookies de marketing\/publicit\u00e9 : Ils nous permettent de g\u00e9rer les espaces publicitaires inclus sur notre site web, notre application ou notre plateforme en fonction de crit\u00e8res tels que le contenu affich\u00e9 ou la fr\u00e9quence \u00e0 laquelle les publicit\u00e9s sont affich\u00e9es.<\/p>\n\n<p><br\/>-Cookies de marketing : Les cookies de marketing sont utilis\u00e9s pour analyser votre comportement lorsque vous visitez le site web et pour que, de temps \u00e0 autre, d&rsquo;autres fournisseurs puissent vous proposer des publicit\u00e9s personnalis\u00e9es et pertinentes bas\u00e9es sur votre profil de navigation.<\/p>\n\n<p>-Cookies provenant de r\u00e9seaux sociaux externes : ils sont utilis\u00e9s pour permettre aux visiteurs d&rsquo;interagir avec le contenu de diff\u00e9rentes plateformes sociales (facebook, youtube, twitter, linkedin, etc.) et ne sont g\u00e9n\u00e9r\u00e9s que pour les utilisateurs de ces r\u00e9seaux sociaux. Les conditions d&rsquo;utilisation de ces cookies et les informations collect\u00e9es sont r\u00e9gies par la politique de confidentialit\u00e9 de la plateforme sociale correspondante.<\/p>\n\n<h2 class=\"wp-block-heading\">Les cookies que nous utilisons<\/h2>\n\n<p><strong>PROPRES COOKIES<\/strong><\/p>\n\n<p>Technique ou n\u00e9cessaire<\/p>\n\n<p>Les cookies techniques ou strictement n\u00e9cessaires sont ceux qui permettent \u00e0 l&rsquo;utilisateur de naviguer sur un site web et d&rsquo;utiliser les diff\u00e9rentes options ou services qui y sont propos\u00e9s, tels que, par exemple, le contr\u00f4le du trafic et de la communication des donn\u00e9es, l&rsquo;identification de la session, l&rsquo;acc\u00e8s \u00e0 des zones d&rsquo;acc\u00e8s restreint, la m\u00e9morisation des \u00e9l\u00e9ments constitutifs d&rsquo;une commande, l&rsquo;ex\u00e9cution du processus d&rsquo;achat d&rsquo;une commande, la gestion du paiement, le contr\u00f4le de la fraude li\u00e9e \u00e0 la s\u00e9curit\u00e9 du service, faire une demande d&rsquo;inscription ou de participation \u00e0 un \u00e9v\u00e9nement, utiliser des \u00e9l\u00e9ments de s\u00e9curit\u00e9 lors de la navigation, stocker des contenus pour la diffusion de vid\u00e9os ou de sons, permettre des contenus dynamiques (par exemple, l&rsquo;animation de textes ou le chargement d&rsquo;images), partager des contenus via les r\u00e9seaux sociaux ou personnaliser l&rsquo;interface utilisateur \u00e0 condition que ce soit l&rsquo;utilisateur qui choisisse les options de personnalisation qu&rsquo;il souhaite. La base juridique qui l\u00e9gitime ce traitement est l&rsquo;ex\u00e9cution et la maintenance du service demand\u00e9 par l&rsquo;utilisateur. Ces cookies resteront actifs tant que l&rsquo;utilisateur restera sur le site web.<\/p>\n\n<p>Pr\u00e9f\u00e9rence ou personnalisation :<\/p>\n\n<p>Les cookies de pr\u00e9f\u00e9rence ou de personnalisation sont ceux qui permettent de m\u00e9moriser des informations afin que l&rsquo;utilisateur acc\u00e8de au service avec certaines caract\u00e9ristiques qui peuvent diff\u00e9rencier son exp\u00e9rience de celle d&rsquo;autres utilisateurs, comme, par exemple, la langue, le nombre de r\u00e9sultats \u00e0 afficher lorsque l&rsquo;utilisateur effectue une recherche, l&rsquo;apparence ou le contenu du service en fonction du type de navigateur par lequel l&rsquo;utilisateur acc\u00e8de au service ou de la r\u00e9gion \u00e0 partir de laquelle il acc\u00e8de au service, etc. Ces informations sont stock\u00e9es exclusivement dans le navigateur de l&rsquo;utilisateur et ne sont pas utilis\u00e9es \u00e0 d&rsquo;autres fins que la gestion des pr\u00e9f\u00e9rences de l&rsquo;utilisateur. La base juridique qui l\u00e9gitime le traitement est le consentement explicite donn\u00e9 par l&rsquo;utilisateur.<\/p>\n\n<p><strong>COOKIES DE TIERS<\/strong><\/p>\n\n<p>Mesure ou analyse :<\/p>\n\n<p>Les cookies de mesure ou d&rsquo;analyse sont ceux qui permettent au responsable de suivre et d&rsquo;analyser le comportement des utilisateurs des sites web auxquels ils sont li\u00e9s, y compris la quantification de l&rsquo;impact des publicit\u00e9s. Les informations collect\u00e9es par ce type de cookies sont utilis\u00e9es pour mesurer l&rsquo;activit\u00e9 des sites web, de l&rsquo;application ou de la plateforme, afin d&rsquo;introduire des am\u00e9liorations bas\u00e9es sur l&rsquo;analyse des donn\u00e9es d&rsquo;utilisation des utilisateurs du service. La base juridique qui l\u00e9gitime le traitement est le consentement explicite donn\u00e9 par l&rsquo;utilisateur. Vous pouvez obtenir plus d&rsquo;informations sur ces cookies, ainsi que sur leur dur\u00e9e de conservation, en suivant le(s) lien(s) vers \u00ab\u00a0Politique en mati\u00e8re de cookies\u00a0\u00bb.<\/p>\n\n<p>Publicit\u00e9 comportementale<\/p>\n\n<p>Les cookies de publicit\u00e9 comportementale sont ceux qui stockent des informations sur le comportement des utilisateurs obtenues gr\u00e2ce \u00e0 l&rsquo;observation continue de leurs habitudes de navigation, ce qui permet de d\u00e9velopper un profil sp\u00e9cifique afin d&rsquo;afficher de la publicit\u00e9 bas\u00e9e sur ce dernier. La base juridique qui l\u00e9gitime le traitement est le consentement explicite donn\u00e9 par l&rsquo;utilisateur. Vous pouvez obtenir plus d&rsquo;informations sur ces cookies, ainsi que sur leur dur\u00e9e de conservation, en suivant le(s) lien(s) vers \u00ab\u00a0Politique en mati\u00e8re de cookies\u00a0\u00bb.<\/p>\n\n<p>Nous utilisons des cookies propres et de tiers. Dans le tableau suivant, vous trouverez tous les cookies utilis\u00e9s :<\/p>\n<p>[cookie_audit]<\/p>\n\n<h2 class=\"wp-block-heading\">Comment modifier les cookies (d\u00e9sactivation et suppression)<\/h2>\n\n<p>Comment g\u00e9rer les cookies de notre banni\u00e8re :<\/p>\n\n<p>Dans la page web, une fen\u00eatre s&rsquo;ouvrira automatiquement et vous pourrez d\u00e9cider d&rsquo;accepter l&rsquo;installation des cookies, ce qui permettra de les installer et de les utiliser comme pr\u00e9vu dans notre politique en mati\u00e8re de cookies, ou de les configurer comme vous le souhaitez.<\/p>\n\n<p>L&rsquo;option de configuration des cookies sera toujours pr\u00e9sente au bas de la page au cas o\u00f9 vous changeriez d&rsquo;avis.<\/p>\n\n<p>Comment g\u00e9rer les cookies \u00e0 partir de votre navigateur :<\/p>\n\n<p>La plupart des navigateurs vous permettent de visualiser, g\u00e9rer, supprimer et bloquer les cookies d&rsquo;un site web. Veuillez noter que si vous supprimez tous les cookies, vous perdrez toutes les pr\u00e9f\u00e9rences utilisateur que vous avez d\u00e9finies, y compris la possibilit\u00e9 de refuser les cookies, car cette fonction n\u00e9cessite qu&rsquo;un cookie de refus soit plac\u00e9 sur votre appareil.<\/p>\n\n<p>Vous trouverez ci-dessous comment g\u00e9rer les cookies dans les principaux navigateurs :<\/p>\n\n<p><strong>Google Chrome<\/strong><\/p>\n\n<ol class=\"wp-block-list\">\n<li>Sur votre ordinateur, ouvrez Chrome.<\/li>\n\n\n\n<li>En haut \u00e0 droite, cliquez sur Plus. Param\u00e8tres.<\/li>\n\n\n\n<li>Sous \u00ab\u00a0Vie priv\u00e9e et s\u00e9curit\u00e9\u00a0\u00bb, cliquez sur \u00ab\u00a0Param\u00e8tres du site web\u00a0\u00bb.<\/li>\n\n\n\n<li>Cliquez sur Cookies.<\/li>\n\n\n\n<li>Vous pourrez alors Activer les cookies : activer l&rsquo;interrupteur situ\u00e9 \u00e0 c\u00f4t\u00e9 de \u00ab\u00a0Bloqu\u00e9\u00a0\u00bb.<\/li>\n<\/ol>\n\n<p>Pour plus d&rsquo;informations, vous pouvez consulter l&rsquo;assistance de Google ou l&rsquo;aide du navigateur.<\/p>\n\n<p><strong>Microsoft Internet Explorer<\/strong><\/p>\n\n<ol class=\"wp-block-list\">\n<li>Cliquez sur \u00ab\u00a0Outils\u00a0\u00bb dans le coin sup\u00e9rieur de votre navigateur Windows et s\u00e9lectionnez \u00ab\u00a0Options Internet\u00a0\u00bb, puis cliquez \u00e0 nouveau sur l&rsquo;option \u00ab\u00a0Confidentialit\u00e9\u00a0\u00bb.<\/li>\n\n\n\n<li>Assurez-vous que votre niveau de confidentialit\u00e9 est r\u00e9gl\u00e9 sur Moyen ou inf\u00e9rieur, ce qui autorisera l&rsquo;utilisation de cookies dans votre navigateur.<\/li>\n\n\n\n<li>Si vous s\u00e9lectionnez une option sup\u00e9rieure \u00e0 Moyenne, les cookies ne seront pas autoris\u00e9s.<\/li>\n<\/ol>\n\n<p>Pour plus d&rsquo;informations, vous pouvez consulter le support Microsoft ou l&rsquo;aide du navigateur.<\/p>\n\n<p><strong>Mozilla Firefox<\/strong><\/p>\n\n<ol class=\"wp-block-list\">\n<li>Cliquez en haut de la fen\u00eatre de votre navigateur. Cliquez sur \u00ab\u00a0Outils\u00a0\u00bb et s\u00e9lectionnez \u00ab\u00a0Options\u00a0\u00bb.<\/li>\n\n\n\n<li>S\u00e9lectionnez l&rsquo;ic\u00f4ne Confidentialit\u00e9 et s\u00e9curit\u00e9.<\/li>\n\n\n\n<li>Cliquez sur l&rsquo;option permettant d&rsquo;autoriser les cookies sur ce site web.<\/li>\n<\/ol>\n\n<p>Pour plus d&rsquo;informations, vous pouvez consulter le support Mozilla ou l&rsquo;aide du navigateur.<\/p>\n\n<p><strong>Safari<\/strong><\/p>\n\n<ol class=\"wp-block-list\">\n<li>Cliquez sur l&rsquo;ic\u00f4ne des outils en haut de votre navigateur et s\u00e9lectionnez l&rsquo;option \u00ab\u00a0Pr\u00e9f\u00e9rences\u00a0\u00bb.<\/li>\n\n\n\n<li>Cliquez sur \u00ab\u00a0Confidentialit\u00e9 et s\u00e9curit\u00e9\u00a0\u00bb et s\u00e9lectionnez l&rsquo;option \u00ab\u00a0Emp\u00eacher le suivi intersite\u00a0\u00bb.<\/li>\n\n\n\n<li>Cliquez sur \u00ab\u00a0Enregistrer\u00a0\u00bb.<\/li>\n<\/ol>\n\n<p>Pour plus d&rsquo;informations, vous pouvez consulter l&rsquo;assistance Apple ou l&rsquo;aide du navigateur.<\/p>\n\n<p>Vous pouvez \u00e9galement consulter les tutoriels vid\u00e9o publi\u00e9s par l&rsquo;Agence espagnole de protection des donn\u00e9es : http:\/\/www.youtube.com\/user\/desdelaAEPD<\/p>\n\n<h2 class=\"wp-block-heading\">Changements dans la politique en mati\u00e8re de cookies.<\/h2>\n\n<p>Le pr\u00e9sent avis de confidentialit\u00e9 peut faire l&rsquo;objet de modifications, de changements ou de mises \u00e0 jour en raison de nouvelles exigences l\u00e9gales. Ce document sera toujours la version mise \u00e0 jour, adapt\u00e9e aux nouvelles exigences.<\/p>\n\n<p>Les parties int\u00e9ress\u00e9es peuvent exercer leurs droits d&rsquo;acc\u00e8s, de rectification, d&rsquo;annulation ou d&rsquo;opposition en envoyant un courrier \u00e9lectronique \u00e0 l&rsquo;adresse suivante <a href=\"mailto:international@jubopadel.com\">: international@jubopadel.com<\/a><\/p>\n\n<h3 class=\"wp-block-heading\">Traitement des donn\u00e9es et exercice des droits.<\/h3>\n\n<p>Les donn\u00e9es personnelles que nous collectons par l&rsquo;utilisation de cookies seront trait\u00e9es par JUBO PADEL.<\/p>\n\n<p>Vos donn\u00e9es personnelles seront trait\u00e9es pour la finalit\u00e9 indiqu\u00e9e dans chacun des cookies identifi\u00e9s dans le tableau ci-dessus. Ces donn\u00e9es personnelles seront trait\u00e9es sur la base de votre consentement.<\/p>\n\n<p>Vous pouvez exercer vos droits d&rsquo;acc\u00e8s, de rectification, d&rsquo;effacement et d&rsquo;opposition, ainsi que le droit \u00e0 la limitation du traitement, le droit \u00e0 la portabilit\u00e9 de vos donn\u00e9es et le droit de ne pas faire l&rsquo;objet de d\u00e9cisions automatis\u00e9es, en justifiant de votre identit\u00e9 au moyen d&rsquo;une carte d&rsquo;identit\u00e9 ou d&rsquo;un document \u00e9quivalent, en envoyant un courrier \u00e9lectronique \u00e0 l&rsquo;adresse suivante : <a href=\"mailto:international@jubopadel.com\">international@jubopadel.com<\/a>.<\/p>\n\n<p>Vous pouvez r\u00e9voquer le consentement accord\u00e9 pour chaque type de cookie \u00e0 tout moment et par le biais de notre panneau de configuration des cookies.<\/p>\n\n<p>Si vous consid\u00e9rez que JUBO PADEL n&rsquo;a pas respect\u00e9 l&rsquo;un des droits susmentionn\u00e9s, vous avez le droit de d\u00e9poser une plainte aupr\u00e8s de l&rsquo;Agence espagnole de protection des donn\u00e9es.<\/p>\n\n<h3 class=\"wp-block-heading\">\u00c0 qui vos donn\u00e9es seront-elles communiqu\u00e9es ?<\/h3>\n\n<p>En g\u00e9n\u00e9ral, les donn\u00e9es des utilisateurs collect\u00e9es par le biais des cookies de ce site web ne seront pas transf\u00e9r\u00e9es \u00e0 des tiers.<\/p>\n\n<p>Toutefois, en raison de l&rsquo;utilisation de cookies tiers, il est possible que les donn\u00e9es collect\u00e9es soient transf\u00e9r\u00e9es en dehors de l&rsquo;Union europ\u00e9enne, car ces cookies peuvent \u00eatre h\u00e9berg\u00e9s en dehors de l&rsquo;Espace \u00e9conomique europ\u00e9en.<\/p>\n\n<h3 class=\"wp-block-heading\">PLUS D&rsquo;INFORMATIONS SUR LE TRAITEMENT DES DONN\u00c9ES PERSONNELLES<\/h3>\n\n<p>Vous pouvez trouver plus d&rsquo;informations sur le traitement de vos donn\u00e9es personnelles en acc\u00e9dant \u00e0 notre politique de confidentialit\u00e9.<\/p>\n","protected":false},"excerpt":{"rendered":"<p>Qu&rsquo;est-ce qu&rsquo;un cookie ? Les cookies sont de petits fichiers de donn\u00e9es qui sont g\u00e9n\u00e9r\u00e9s dans l&rsquo;ordinateur de l&rsquo;utilisateur et qui nous permettent de conna\u00eetre la fr\u00e9quence des visites, les contenus les plus s\u00e9lectionn\u00e9s et les \u00e9l\u00e9ments de s\u00e9curit\u00e9 qui peuvent intervenir dans le contr\u00f4le de l&rsquo;acc\u00e8s aux zones restreintes, ainsi que l&rsquo;affichage de la [&hellip;]<\/p>\n","protected":false},"author":1,"featured_media":0,"parent":0,"menu_order":0,"comment_status":"closed","ping_status":"closed","template":"","meta":{"footnotes":""},"class_list":["post-3667","page","type-page","status-publish","hentry"],"_links":{"self":[{"href":"https:\/\/jubopadel.com\/fr\/wp-json\/wp\/v2\/pages\/3667","targetHints":{"allow":["GET"]}}],"collection":[{"href":"https:\/\/jubopadel.com\/fr\/wp-json\/wp\/v2\/pages"}],"about":[{"href":"https:\/\/jubopadel.com\/fr\/wp-json\/wp\/v2\/types\/page"}],"author":[{"embeddable":true,"href":"https:\/\/jubopadel.com\/fr\/wp-json\/wp\/v2\/users\/1"}],"replies":[{"embeddable":true,"href":"https:\/\/jubopadel.com\/fr\/wp-json\/wp\/v2\/comments?post=3667"}],"version-history":[{"count":7,"href":"https:\/\/jubopadel.com\/fr\/wp-json\/wp\/v2\/pages\/3667\/revisions"}],"predecessor-version":[{"id":18379,"href":"https:\/\/jubopadel.com\/fr\/wp-json\/wp\/v2\/pages\/3667\/revisions\/18379"}],"wp:attachment":[{"href":"https:\/\/jubopadel.com\/fr\/wp-json\/wp\/v2\/media?parent=3667"}],"curies":[{"name":"wp","href":"https:\/\/api.w.org\/{rel}","templated":true}]}}