{"id":4306,"date":"2023-08-08T08:12:46","date_gmt":"2023-08-08T08:12:46","guid":{"rendered":"https:\/\/jubopadel.com\/configurador-de-clubes\/"},"modified":"2023-12-07T10:25:56","modified_gmt":"2023-12-07T10:25:56","slug":"configurador-de-clubes","status":"publish","type":"page","link":"https:\/\/jubopadel.com\/es\/configurador-de-clubes\/","title":{"rendered":"Configurador de clubes"},"content":{"rendered":"\n<h2 class=\"wp-block-heading\">\u00bfYa dispones de un espacio para tu proyecto?<\/h2>\n\n\n\n<div class=\"wp-block-columns is-layout-flex wp-container-core-columns-is-layout-9d6595d7 wp-block-columns-is-layout-flex\">\n<div class=\"wp-block-column is-layout-flow wp-block-column-is-layout-flow\">\n<p>Creado para que resulte muy intuitivo empezar a visualizar tu proyecto de p\u00e1del, nuestro configurador de clubes es una herramienta incre\u00edble para iniciar el proyecto de tus sue\u00f1os.<br><strong>\u00bfC\u00f3mo funciona?<\/strong>  S\u00f3lo tienes que definir la dimensi\u00f3n de tu espacio, arrastrar y soltar los diferentes elementos en el \u00e1rea definida, \u00a1y ya est\u00e1! No dudes en hablar con <a href=\"https:\/\/jubopadel.com\/es\/contact\/\">uno de nuestros expertos<\/a> si necesitas ayuda.<\/p>\n<\/div>\n\n\n\n<div class=\"wp-block-column is-layout-flow wp-block-column-is-layout-flow\"><\/div>\n<\/div>\n","protected":false},"excerpt":{"rendered":"<p>\u00bfYa dispones de un espacio para tu proyecto? Creado para que resulte muy intuitivo empezar a visualizar tu proyecto de p\u00e1del, nuestro configurador de clubes es una herramienta incre\u00edble para iniciar el proyecto de tus sue\u00f1os.\u00bfC\u00f3mo funciona? S\u00f3lo tienes que definir la dimensi\u00f3n de tu espacio, arrastrar y soltar los diferentes elementos en el \u00e1rea [&hellip;]<\/p>\n","protected":false},"author":1,"featured_media":0,"parent":0,"menu_order":0,"comment_status":"closed","ping_status":"closed","template":"templates\/club-configurator.php","meta":{"footnotes":""},"class_list":["post-4306","page","type-page","status-publish","hentry"],"_links":{"self":[{"href":"https:\/\/jubopadel.com\/es\/wp-json\/wp\/v2\/pages\/4306","targetHints":{"allow":["GET"]}}],"collection":[{"href":"https:\/\/jubopadel.com\/es\/wp-json\/wp\/v2\/pages"}],"about":[{"href":"https:\/\/jubopadel.com\/es\/wp-json\/wp\/v2\/types\/page"}],"author":[{"embeddable":true,"href":"https:\/\/jubopadel.com\/es\/wp-json\/wp\/v2\/users\/1"}],"replies":[{"embeddable":true,"href":"https:\/\/jubopadel.com\/es\/wp-json\/wp\/v2\/comments?post=4306"}],"version-history":[{"count":7,"href":"https:\/\/jubopadel.com\/es\/wp-json\/wp\/v2\/pages\/4306\/revisions"}],"predecessor-version":[{"id":9796,"href":"https:\/\/jubopadel.com\/es\/wp-json\/wp\/v2\/pages\/4306\/revisions\/9796"}],"wp:attachment":[{"href":"https:\/\/jubopadel.com\/es\/wp-json\/wp\/v2\/media?parent=4306"}],"curies":[{"name":"wp","href":"https:\/\/api.w.org\/{rel}","templated":true}]}}