{"id":3675,"date":"2023-08-21T07:58:40","date_gmt":"2023-08-21T07:58:40","guid":{"rendered":"https:\/\/jubopadel.com\/politica-juridica\/"},"modified":"2023-12-19T14:28:07","modified_gmt":"2023-12-19T14:28:07","slug":"politica-juridica","status":"publish","type":"page","link":"https:\/\/jubopadel.com\/es\/politica-juridica\/","title":{"rendered":"Aviso legal"},"content":{"rendered":"\n<p>En cumplimiento del art. 10 de la Ley 34\/2002, de 11 de julio, de servicios de la sociedad de la informaci\u00f3n y de comercio electr\u00f3nico, le informamos que el responsable de este sitio web es:<\/p>\n\n<ul class=\"wp-block-list\">\n<li>IDENTIDAD: \u00abJUBOPADEL INTERNACIONAL SL\u00bb<\/li>\n\n\n\n<li>C.I.F \/ N.I.F.: B53298808<\/li>\n\n\n\n<li>DIRECCI\u00d3N: C\/ RIU XUQUER, 6, 03778 BENIARBEIG (ALICANTE)<\/li>\n\n\n\n<li>TEL\u00c9FONO 865727153<\/li>\n\n\n\n<li>E-MAIL: admin@judopadel.com<\/li>\n\n\n\n<li>DATOS REGISTRALES: Empresa inscrita en el Registro Mercantil de Alicante,<\/li>\n\n\n\n<li>tomo 2142, p\u00e1gina 84, folio A-48984.<\/li>\n<\/ul>\n\n<h2 class=\"wp-block-heading\">CONDICIONES GENERALES DE USO DE JUBOPADEL.COM<\/h2>\n\n<h3 class=\"wp-block-heading\">1.- OBJETO.<\/h3>\n\n<p>Las presentes condiciones generales de uso (en adelante CGU), regulan el acceso y utilizaci\u00f3n del Sitio Web bajo el dominio JUBOPADEL.COM (en adelante Sitio Web), titularidad de \u00abJUBOPADEL INTERNACIONAL SL\u00bb (en adelante JUBOpadel), puesto a disposici\u00f3n de los usuarios (en adelante Usuario\/s).<\/p>\n\n<p>Para cualquier pregunta o duda sobre el uso y acceso al Sitio Web o a las presentes CGU, puede ponerse en contacto con nosotros a trav\u00e9s de los datos de contacto publicados en el Aviso Legal.<\/p>\n\n<h3 class=\"wp-block-heading\">2.- CONFORMIDAD CON LAS PRESENTES CONDICIONES GENERALES.<\/h3>\n\n<p>La utilizaci\u00f3n del Sitio Web implica la plena aceptaci\u00f3n por parte del Usuario de las CGU vigentes en el momento en que el Usuario acceda al Sitio Web. Por ello, si el Usuario no est\u00e1 de acuerdo con cualquiera de las condiciones aqu\u00ed establecidas, deber\u00e1 abstenerse de utilizar este Sitio Web.<\/p>\n\n<p>En consecuencia, el Usuario debe leer atentamente las CDU en cada una de las ocasiones en que se proponga utilizar el Sitio Web.<\/p>\n\n<p>En cualquier caso, JUBOpadel se reserva el derecho a modificar, sin previo aviso y en cualquier momento, las CDU. Asimismo, JUBOpadel se reserva el derecho de suspender, interrumpir o dejar de operar el Sitio Web en cualquier momento.<\/p>\n\n<p>Por \u00abuso del Sitio Web\u00bb, se entiende cualquier usuario que acceda y navegue por el Sitio Web con independencia de la cumplimentaci\u00f3n de los formularios de registro.<\/p>\n\n<h3 class=\"wp-block-heading\">3.- CONDICIONES DE ACCESO Y UTILIZACI\u00d3N DEL SITIO WEB Y DE SUS CONTENIDOS.<\/h3>\n\n<p>El acceso al Sitio Web y\/o a los Contenidos incluidos en el mismo no implica garant\u00eda alguna respecto a la idoneidad del Sitio Web y\/o de los Contenidos incluidos en el mismo para fines particulares o espec\u00edficos de los Usuarios.<\/p>\n\n<p>JUBOpadel podr\u00e1 establecer limitaciones y\/o condiciones adicionales para el uso y\/o acceso al Portal y\/o a los Contenidos, las cuales deber\u00e1n ser observadas por los Usuarios en todo caso.<\/p>\n\n<h4 class=\"wp-block-heading\">3.1- Acceso y Uso del Sitio Web.<\/h4>\n\n<p>Salvo que se disponga otra cosa, el uso del Sitio Web tendr\u00e1 car\u00e1cter gratuito, sin perjuicio del coste de conexi\u00f3n a trav\u00e9s de la correspondiente red de telecomunicaciones contratada por el Usuario.<\/p>\n\n<p>El Usuario reconoce que es mayor de dieciocho a\u00f1os, as\u00ed como que es consciente y acepta voluntaria y expresamente que el uso del Sitio Web se realiza en todo caso bajo su \u00fanica y exclusiva responsabilidad.<\/p>\n\n<p>El Usuario se compromete a cumplir las CGU, as\u00ed como a respetar las advertencias o instrucciones particulares contenidas en el Sitio Web y a obrar siempre conforme a la ley, a las buenas costumbres y a las exigencias de la buena fe, empleando la m\u00e1xima diligencia habida cuenta de la naturaleza y consideraci\u00f3n del servicio del que disfruta. A tal efecto, se abstendr\u00e1 de utilizar el Sitio Web de cualquier forma que pueda impedir, da\u00f1ar o deteriorar el normal funcionamiento del mismo, los bienes o derechos de JUBOpadel, sus proveedores, sus distribuidores, el resto de usuarios o en general de cualquier tercero.<\/p>\n\n<p>Concretamente y sin que ello implique restricci\u00f3n alguna a la obligaci\u00f3n asumida por el Usuario con car\u00e1cter general de conformidad con el p\u00e1rrafo anterior, el Usuario se obliga en la utilizaci\u00f3n del Sitio Web:<\/p>\n\n<ul class=\"wp-block-list\">\n<li>No introducir, almacenar o difundir en o desde el Sitio Web, cualquier informaci\u00f3n o material que fuera difamatorio, injurioso, obsceno, amenazador, xen\u00f3fobo, pornogr\u00e1fico, de apolog\u00eda del terrorismo, incite a la violencia, a la discriminaci\u00f3n por raz\u00f3n de raza, sexo, ideolog\u00eda, religi\u00f3n o que de cualquier forma atente contra la forma, el orden p\u00fablico, los derechos fundamentales, las libertades p\u00fablicas, el honor, la intimidad o la imagen de terceros y en general la normativa vigente.<\/li>\n\n\n\n<li>No introducir, almacenar o difundir mediante el Sitio Web ning\u00fan programa de ordenador, datos, virus, c\u00f3digo, o cualquier otro instrumento o dispositivo electr\u00f3nico o f\u00edsico que sea susceptible de causar da\u00f1os en el Sitio Web, en cualquiera de los servicios, o en cualquiera de los equipos, sistemas o redes de JUBOpadel, de cualquier Usuario, de los Proveedores o Distribuidores de JUBOpadel o en general de cualquier tercero, capaz de causar cualquier tipo de alteraci\u00f3n o impedir el normal funcionamiento de los mismos.<\/li>\n\n\n\n<li>No introducir, almacenar o difundir mediante el Sitio Web cualquier contenido que infrinja la normativa sobre propiedad intelectual, industrial o derechos de terceros, o en general cualquier contenido del cual no ostentara, de conformidad con la ley, el derecho a ponerlo a disposici\u00f3n de terceros.<\/li>\n<\/ul>\n\n<h4 class=\"wp-block-heading\">3.2- Acceso y Uso de los Contenidos.<\/h4>\n\n<p>Los Contenidos del Sitio Web se ponen a disposici\u00f3n del Usuario con informaci\u00f3n procedente tanto de fuentes propias como de terceros.<\/p>\n\n<p>JUBOpadel procura que los Contenidos sean de la mayor calidad posible y est\u00e9n razonablemente actualizados, pero no garantiza la utilidad, exactitud, exhaustividad, pertinencia y\/o actualidad de los Contenidos.<\/p>\n\n<h3 class=\"wp-block-heading\">4.- DERECHOS DE PROPIEDAD INTELECTUAL E INDUSTRIAL.<\/h3>\n\n<p>Mediante estas CGU no se cede ning\u00fan derecho de propiedad intelectual o industrial sobre el Sitio Web ni sobre ninguno de sus elementos integrantes, quedando expresamente prohibidos al Usuario la reproducci\u00f3n, transformaci\u00f3n, distribuci\u00f3n, comunicaci\u00f3n p\u00fablica, puesta a disposici\u00f3n, extracci\u00f3n, reutilizaci\u00f3n, reenv\u00edo o la utilizaci\u00f3n de cualquier naturaleza, por cualquier medio o procedimiento, de cualquiera de ellos, salvo en los casos en que est\u00e9 legalmente permitido o sea autorizado por el titular de los correspondientes derechos.<\/p>\n\n<p>El Usuario podr\u00e1 visualizar y obtener una copia privada temporal de los Contenidos para su exclusivo uso personal y privado en sus sistemas inform\u00e1ticos (software y hardware), siempre que no sea con la finalidad de desarrollar actividades comerciales o profesionales. El Usuario deber\u00e1 abstenerse de obtener, o intentar obtener, los Contenidos empleando para ello medios o procedimientos distintos de los que, seg\u00fan los casos, se hayan puesto a su disposici\u00f3n o se hayan indicado a este efecto o de los que se empleen habitualmente en Internet (siempre que estos \u00faltimos no entra\u00f1en un riesgo de da\u00f1o o inutilizaci\u00f3n del Sitio Web). El Usuario deber\u00e1 respetar en todo momento<\/p>\n\n<p>en todo momento todos los derechos de propiedad intelectual e industrial sobre el Sitio Web, de titularidad de JUBOpadel o de terceros.<\/p>\n\n<h3 class=\"wp-block-heading\">5.- EXCLUSI\u00d3N DE GARANT\u00cdAS Y RESPONSABILIDAD.<\/h3>\n\n<h4 class=\"wp-block-heading\">5.1.- Exclusi\u00f3n de Garant\u00edas y Responsabilidad por el funcionamiento del Sitio Web.<\/h4>\n\n<p>JUBOpadel no garantiza la disponibilidad y continuidad del funcionamiento del Sitio Web y de los servicios o contenidos ofrecidos en el mismo, ni que el contenido existente en su Sitio Web se encuentre actualizado, quedando exonerado por cualquier tipo de responsabilidad por los da\u00f1os y perjuicios de toda clase que puedan deberse a tales circunstancias.<\/p>\n\n<p>JUBOpadel llevar\u00e1 a cabo, siempre que no concurran circunstancias que lo hagan imposible o de dif\u00edcil ejecuci\u00f3n y tan pronto tenga noticia de los errores, desconexiones y\/o falta de actualizaci\u00f3n en los contenidos, todas a aquellas labores tendentes a subsanar los errores, restablecer la comunicaci\u00f3n y\/o actualizar los referidos contenidos.<\/p>\n\n<p>Asimismo, JUBOpadel no garantiza la fiabilidad t\u00e9cnica de su Sitio Web, ni el acceso a sus distintas p\u00e1ginas, quedando de igual modo exonerado de cualquier responsabilidad por los da\u00f1os y perjuicios de toda clase que puedan originarse por esta causa.<\/p>\n\n<p>Asimismo, JUBOpadel no se hace responsable de los posibles errores o deficiencias de seguridad que pudieran producirse por la utilizaci\u00f3n por parte del Usuario de un navegador de una versi\u00f3n no actualizada o insegura, o de los da\u00f1os, errores o inexactitudes que pudieran derivarse del mal funcionamiento del mismo.<\/p>\n\n<p>Con el fin de reducir el riesgo de introducci\u00f3n de virus en el Sitio Web, utiliza programas de detecci\u00f3n de virus para controlar todos los contenidos que introduce en el Sitio Web. No obstante, JUBOpadel no garantiza la ausencia de virus ni de otros elementos en el Sitio Web introducidos por terceros ajenos a JUBOpadel que puedan producir alteraciones en los sistemas f\u00edsicos o l\u00f3gicos de los usuarios o en los documentos electr\u00f3nicos y ficheros almacenados en sus sistemas. En consecuencia, JUBOpadel no ser\u00e1 en ning\u00fan caso responsable de cualesquiera da\u00f1os y perjuicios de toda naturaleza que pudieran derivarse de la presencia de virus u otros elementos que puedan producir alteraciones en los sistemas f\u00edsicos o l\u00f3gicos, documentos electr\u00f3nicos o ficheros de los usuarios.<\/p>\n\n<p>JUBOpadel adopta diversas medidas de protecci\u00f3n para proteger el Sitio Web, los datos recabados y los Contenidos contra ataques inform\u00e1ticos de terceros. No obstante, JUBOpadel no garantiza que terceros no autorizados puedan tener acceso al tipo de uso o navegaci\u00f3n del Sitio Web que hace el Usuario o las condiciones, caracter\u00edsticas y circunstancias en las cuales se realiza. En consecuencia, JUBOpadel no ser\u00e1 en ning\u00fan caso responsable de los da\u00f1os y perjuicios que pudieran derivarse de dicho acceso no autorizado.<\/p>\n\n<p>JUBOpadel no se har\u00e1 responsable en ning\u00fan caso del uso que los Usuarios y\/o terceros pudieran hacer del Website o los Contenidos, ni de los da\u00f1os y perjuicios que pudieran derivarse del mismo.<\/p>\n\n<h4 class=\"wp-block-heading\">5.2.- Exclusi\u00f3n de garant\u00edas y de responsabilidad por los Contenidos.<\/h4>\n\n<p>JUBOpadel no edita los Contenidos de terceros publicados en el Sitio Web y, por tanto, no garantiza ni se hace responsable de la licitud, fiabilidad, utilidad, veracidad, exactitud, exhaustividad y actualidad de dichos Contenidos, as\u00ed como tampoco de los Contenidos titularidad de JUBOpadel. JUBOpadel no ser\u00e1 responsable en ning\u00fan caso de los da\u00f1os y perjuicios que pudieran derivarse de: (i) la falta de licitud, veracidad, exactitud, exhaustividad y\/o actualidad de los Contenidos originados por terceros y los suyos propios; (ii) la inadecuaci\u00f3n del contenido del sitio, incluido el contenido del sitio.<\/p>\n\n<p>(ii) la inadecuaci\u00f3n para cualquier fin y la defraudaci\u00f3n de las expectativas generadas por los Contenidos; (iii) decisiones o acciones tomadas o evitadas por el usuario confiando en la informaci\u00f3n o datos proporcionados o facilitados en los Contenidos, incluyendo sin limitaci\u00f3n la p\u00e9rdida de beneficios u oportunidades de negocio.<\/p>\n\n<h3 class=\"wp-block-heading\">6.- HIPERV\u00cdNCULOS.<\/h3>\n\n<p>Aquellas personas que se propongan establecer hiperenlaces entre su p\u00e1gina web y el Sitio Web deber\u00e1n observar y cumplir las siguientes condiciones:<\/p>\n\n<ul class=\"wp-block-list\">\n<li>i) No ser\u00e1 necesaria autorizaci\u00f3n previa cuando el Hiperenlace permita \u00fanicamente el acceso a la p\u00e1gina de inicio del Sitio Web, pero no podr\u00e1 reproducirla de ninguna forma. Cualquier otra forma de Hiperenlace requerir\u00e1 la autorizaci\u00f3n expresa e inequ\u00edvoca por escrito por parte de JUBOpadel.<\/li>\n\n\n\n<li>ii) La p\u00e1gina Web en la que se establezca el Hiperenlace s\u00f3lo podr\u00e1 contener lo estrictamente necesario para identificar el destino del Hiperenlace.<\/li>\n\n\n\n<li>iii) La p\u00e1gina Web en la que se establezca el Hiperenlace no contendr\u00e1 informaciones o contenidos il\u00edcitos, contrarios a la moral y a las buenas costumbres generalmente aceptadas y al orden p\u00fablico, as\u00ed como tampoco contendr\u00e1 contenidos contrarios a cualesquiera derechos de terceros.<\/li>\n\n\n\n<li>iv) JUBOpadel se reserva el derecho a bloquear los hiperv\u00ednculos al Sitio Web que no cuenten con autorizaci\u00f3n expresa previa aun cumpliendo con lo establecido en este punto de las Condiciones Generales.<\/li>\n<\/ul>\n\n<h3 class=\"wp-block-heading\">7.- ACCIONES EN CASO DE INCUMPLIMIENTO.<\/h3>\n\n<p>JUBOpadel se reserva el derecho a ejercer cuantas acciones est\u00e9n disponibles en derecho para exigir las responsabilidades que se deriven del incumplimiento de cualquiera de las disposiciones de estas Condiciones Generales del Sitio Web por parte de un usuario.<\/p>\n\n<h3 class=\"wp-block-heading\">8.- NULIDAD PARCIAL.<\/h3>\n\n<p>La declaraci\u00f3n de cualquiera de las cl\u00e1usulas contenidas en estas Condiciones Generales como nula, inv\u00e1lida o ineficaz no afectar\u00e1 a la validez o eficacia de las restantes, que seguir\u00e1n siendo vinculantes entre las partes.<\/p>\n\n<h3 class=\"wp-block-heading\">9.- LEY APLICABLE Y JURISDICCI\u00d3N.<\/h3>\n\n<p>Las presentes CDU se regir\u00e1n por lo dispuesto en la legislaci\u00f3n espa\u00f1ola.<\/p>\n\n<p>Para cualquier controversia relativa a las condiciones de uso y acceso a este Sitio Web contenidas en el presente documento de las CGU del Sitio Web, las partes se someten, con renuncia expresa a cualquier otro fuero que pudiera corresponderles, salvo que la ley determine otra cosa, a los Juzgados y Tribunales de Denia.<\/p>\n\n<h3 class=\"wp-block-heading\">10.- NOTIFICACIONES.<\/h3>\n\n<p>A efectos de practicar las oportunas notificaciones, JUBOpadel designar\u00e1 como direcci\u00f3n de contacto la especificada en el Aviso Legal.<\/p>\n\n<p>La direcci\u00f3n de correo electr\u00f3nico facilitada por el Usuario durante el proceso de registro en el Sitio Web, ser\u00e1 utilizada por JUBOpadel a los efectos de practicar notificaciones al Usuario.<\/p>\n\n<p>El Usuario se obliga a mantener debidamente actualizados los datos que a efectos de notificaciones se refieren en la presente cl\u00e1usula.<\/p>\n\n<p>Todas las notificaciones que efect\u00fae JUBOpadel al Usuario se considerar\u00e1n v\u00e1lidamente efectuadas si se han realizado empleando los datos y a trav\u00e9s de los medios anteriormente se\u00f1alados. JUBOpadel no se hace responsable de los da\u00f1os y perjuicios que pudieran derivarse del incumplimiento por parte del Usuario de su obligaci\u00f3n de mantener actualizados sus datos de contacto.<\/p>\n\n<p><\/p>\n","protected":false},"excerpt":{"rendered":"<p>En cumplimiento del art. 10 de la Ley 34\/2002, de 11 de julio, de servicios de la sociedad de la informaci\u00f3n y de comercio electr\u00f3nico, le informamos que el responsable de este sitio web es: CONDICIONES GENERALES DE USO DE JUBOPADEL.COM 1.- OBJETO. Las presentes condiciones generales de uso (en adelante CGU), regulan el acceso [&hellip;]<\/p>\n","protected":false},"author":1,"featured_media":0,"parent":0,"menu_order":0,"comment_status":"closed","ping_status":"closed","template":"","meta":{"footnotes":""},"class_list":["post-3675","page","type-page","status-publish","hentry"],"_links":{"self":[{"href":"https:\/\/jubopadel.com\/es\/wp-json\/wp\/v2\/pages\/3675","targetHints":{"allow":["GET"]}}],"collection":[{"href":"https:\/\/jubopadel.com\/es\/wp-json\/wp\/v2\/pages"}],"about":[{"href":"https:\/\/jubopadel.com\/es\/wp-json\/wp\/v2\/types\/page"}],"author":[{"embeddable":true,"href":"https:\/\/jubopadel.com\/es\/wp-json\/wp\/v2\/users\/1"}],"replies":[{"embeddable":true,"href":"https:\/\/jubopadel.com\/es\/wp-json\/wp\/v2\/comments?post=3675"}],"version-history":[{"count":8,"href":"https:\/\/jubopadel.com\/es\/wp-json\/wp\/v2\/pages\/3675\/revisions"}],"predecessor-version":[{"id":9912,"href":"https:\/\/jubopadel.com\/es\/wp-json\/wp\/v2\/pages\/3675\/revisions\/9912"}],"wp:attachment":[{"href":"https:\/\/jubopadel.com\/es\/wp-json\/wp\/v2\/media?parent=3675"}],"curies":[{"name":"wp","href":"https:\/\/api.w.org\/{rel}","templated":true}]}}