{"id":3670,"date":"2023-08-21T07:58:27","date_gmt":"2023-08-21T07:58:27","guid":{"rendered":"https:\/\/jubopadel.com\/politica-de-cookies\/"},"modified":"2024-07-04T07:22:00","modified_gmt":"2024-07-04T07:22:00","slug":"politica-de-cookies","status":"publish","type":"page","link":"https:\/\/jubopadel.com\/es\/politica-de-cookies\/","title":{"rendered":"Pol\u00edtica de cookies"},"content":{"rendered":"\n<h2 class=\"wp-block-heading\">\u00bfQu\u00e9 son las cookies?<\/h2>\n\n<p>Las cookies son peque\u00f1os ficheros de datos que se generan en el ordenador del usuario y que permiten conocer la frecuencia de visitas, los contenidos m\u00e1s seleccionados y los elementos de seguridad que pueden intervenir en el control de acceso a \u00e1reas restringidas, as\u00ed como la visualizaci\u00f3n de publicidad en funci\u00f3n de criterios predefinidos por JUBO PADEL y que se activan por cookies servidas por dicha entidad o por terceros que prestan estos servicios por cuenta de JUBO PADEL.<\/p>\n\n<p>Por regla general, existen los siguientes tipos de cookies.<\/p>\n\n<p>Dependiendo de la entidad que gestione el dominio desde el que se env\u00edan las cookies y procese los datos obtenidos, se pueden distinguir dos tipos:<\/p>\n\n<p>-Cookies de origen: aquellas que se env\u00edan al equipo terminal del usuario desde un equipo o dominio gestionado por el propio editor y desde el que se presta el servicio solicitado por el usuario.<br\/>-Cookies de terceros: Son aqu\u00e9llas que se env\u00edan al equipo terminal del usuario desde un equipo o dominio que no es gestionado por el editor, sino por otra entidad que trata los datos obtenidos trav\u00e9s de las cookies.<\/p>\n\n<p>En el caso de que las cookies sean instaladas desde un equipo o dominio gestionado por el propio editor, pero la informaci\u00f3n que se recoja mediante \u00e9stas sea gestionada por un tercero, no pueden ser consideradas como cookies propias.<\/p>\n\n<p>Tambi\u00e9n existe una segunda clasificaci\u00f3n en funci\u00f3n del tiempo que permanecen almacenados en el navegador del cliente, que puede ser:<\/p>\n\n<p>-Cookies de sesi\u00f3n: dise\u00f1adas para recoger y almacenar datos mientras el usuario accede a un sitio web. Suelen utilizarse para almacenar informaci\u00f3n que s\u00f3lo es necesario conservar para la prestaci\u00f3n del servicio solicitado por el usuario en una \u00fanica ocasi\u00f3n (por ejemplo, una lista de productos comprados).<\/p>\n\n<p><br\/>-Cookies persistentes: los datos siguen almacenados en el terminal y pueden ser accedidos y tratados durante un periodo definido por el responsable de la cookie, y que puede ir de unos minutos a varios a\u00f1os.<\/p>\n\n<p>Por \u00faltimo, existe otra clasificaci\u00f3n con seis tipos de cookies seg\u00fan la finalidad para la que se traten los datos obtenidos:<\/p>\n\n<p>-Cookies t\u00e9cnicas: Las cookies t\u00e9cnicas o necesarias son esenciales para el correcto funcionamiento de nuestra web e incluyen funcionalidades b\u00e1sicas como identificar la sesi\u00f3n o permitir el acceso a usuarios registrados a \u00e1reas de acceso restringido. Por estas razones, las cookies t\u00e9cnicas no pueden desactivarse.<\/p>\n\n<p><br\/>-Cookies de preferencia: Mediante el uso de cookies de preferencias, el sitio web puede recordar informaci\u00f3n durante su tiempo de navegaci\u00f3n asociada a la forma en que el sitio se comporta o se ve, como su idioma preferido o la regi\u00f3n en la que se encuentra.<\/p>\n\n<p><br\/>-Cookies estad\u00edsticas: Utilizamos cookies estad\u00edsticas para ver c\u00f3mo interact\u00faa con el sitio web, recopilando informaci\u00f3n an\u00f3nima durante el tiempo que pasa navegando por el sitio web. El objetivo de la recogida de esta informaci\u00f3n es introducir mejoras en el sitio web basadas en el an\u00e1lisis de datos agregados.<\/p>\n\n<p><br\/>-Cookies de marketing\/publicidad: Son aqu\u00e9llas que nos permiten la gesti\u00f3n de los espacios publicitarios incluidos en nuestra p\u00e1gina web, aplicaci\u00f3n o plataforma en base a criterios como el contenido mostrado o la frecuencia en la que se muestran los anuncios.<\/p>\n\n<p><br\/>-Cookies de marketing: Las cookies de marketing se utilizan para analizar su comportamiento durante la visita al sitio web y para que, ocasionalmente, otros proveedores puedan ofrecerle publicidad personalizada y relevante en funci\u00f3n de su perfil de navegaci\u00f3n.<\/p>\n\n<p>-Cookies de redes sociales externas: se utilizan para que los visitantes puedan interactuar con los contenidos de diferentes plataformas sociales (facebook, youtube, twitter, linkedin, etc.) y se generan \u00fanicamente para los usuarios de estas redes sociales. Las condiciones de uso de estas cookies y la informaci\u00f3n recopilada est\u00e1n reguladas por la pol\u00edtica de privacidad de la plataforma social correspondiente.<\/p>\n\n<h2 class=\"wp-block-heading\">Cookies que utilizamos<\/h2>\n\n<p><strong>GALLETAS PROPIAS<\/strong><\/p>\n\n<p>T\u00e9cnica o necesaria<\/p>\n\n<p>Las cookies t\u00e9cnicas o estrictamente necesarias son aqu\u00e9llas que permiten al usuario la navegaci\u00f3n a trav\u00e9s de una p\u00e1gina web y la utilizaci\u00f3n de las diferentes opciones o servicios que en ella existan como, por ejemplo, controlar el tr\u00e1fico y la comunicaci\u00f3n de datos, identificar la sesi\u00f3n, acceder a partes de acceso restringido, recordar los elementos que integran un pedido, realizar el proceso de compra de un pedido, realizar la gesti\u00f3n de pago, controlar el fraude relacionado con la seguridad del servicio, realizar la solicitud de inscripci\u00f3n o participaci\u00f3n en un evento, utilizar elementos de seguridad durante la navegaci\u00f3n, almacenar contenidos para la difusi\u00f3n de videos o sonido, permitir contenidos din\u00e1micos (por ejemplo, animaciones de texto o carga de im\u00e1genes), compartir contenidos a trav\u00e9s de redes sociales o personalizar la interfaz de usuario siempre que sea el usuario quien elija las opciones de personalizaci\u00f3n que desee. La base jur\u00eddica que legitima este tratamiento es la ejecuci\u00f3n y mantenimiento del servicio solicitado por el usuario. Estas cookies permanecer\u00e1n activas mientras el usuario permanezca en el sitio web.<\/p>\n\n<p>Preferencia o personalizaci\u00f3n:<\/p>\n\n<p>Las cookies de preferencias o de personalizaci\u00f3n son aqu\u00e9llas que permiten recordar informaci\u00f3n para que el usuario acceda al servicio con algunas caracter\u00edsticas que pueden diferenciar su experiencia de la de otros usuarios como, por ejemplo, el idioma, el n\u00famero de resultados que se muestran cuando el usuario realiza una b\u00fasqueda, la apariencia o contenido del servicio en funci\u00f3n del tipo de navegador a trav\u00e9s del cual accede al servicio o la configuraci\u00f3n regional desde donde accede al servicio, etc. La duraci\u00f3n de estas cookies es la del tiempo que el usuario permanece en la p\u00e1gina web (sesi\u00f3n). La informaci\u00f3n se almacena exclusivamente en el navegador del usuario y no se utiliza para ning\u00fan otro fin que no sea gestionar las preferencias del usuario. La base jur\u00eddica que legitima el tratamiento es el consentimiento expreso otorgado por el usuario.<\/p>\n\n<p><strong>COOKIES DE TERCEROS<\/strong><\/p>\n\n<p>Medici\u00f3n o an\u00e1lisis:<\/p>\n\n<p>Las cookies de medici\u00f3n o an\u00e1lisis son aquellas que permiten al responsable de las mismas, el seguimiento y an\u00e1lisis del comportamiento de los usuarios de los sitios web a los que est\u00e1n vinculadas, incluyendo la cuantificaci\u00f3n de los impactos publicitarios. La informaci\u00f3n recogida mediante este tipo de cookies se utiliza en la medici\u00f3n de la actividad de los sitios web, aplicaci\u00f3n o plataforma y para la introducci\u00f3n de mejoras en funci\u00f3n del an\u00e1lisis de los datos de uso que hacen los usuarios del servicio. La base jur\u00eddica que legitima el tratamiento es el consentimiento expreso otorgado por el usuario. Puede obtener m\u00e1s informaci\u00f3n sobre estas cookies, as\u00ed como sobre su periodo de conservaci\u00f3n, siguiendo el\/los enlace(s) a \u00abPol\u00edtica de cookies\u00bb.<\/p>\n\n<p>Publicidad comportamental<\/p>\n\n<p>Las cookies de publicidad comportamental son aquellas que almacenan informaci\u00f3n del comportamiento de los usuarios obtenida a trav\u00e9s de la observaci\u00f3n continuada de sus h\u00e1bitos de navegaci\u00f3n, lo que permite desarrollar un perfil espec\u00edfico para mostrar publicidad en funci\u00f3n del mismo. La base legal que legitima el tratamiento es el consentimiento expreso otorgado por el usuario. Puede obtener m\u00e1s informaci\u00f3n sobre estas cookies, as\u00ed como sobre su periodo de conservaci\u00f3n, siguiendo el\/los enlace(s) a \u00abPol\u00edtica de cookies\u00bb.<\/p>\n\n<p>Utilizamos cookies propias y de terceros. En la siguiente tabla puede encontrar todas las cookies utilizadas:<\/p>\n<p>[cookie_audit]<\/p>\n\n<h2 class=\"wp-block-heading\">C\u00f3mo cambiar las cookies (Desactivaci\u00f3n y eliminaci\u00f3n)<\/h2>\n\n<p>C\u00f3mo gestionar las cookies de nuestro Banner:<\/p>\n\n<p>Dentro de la p\u00e1gina web, autom\u00e1ticamente, se abrir\u00e1 una ventana donde podr\u00e1 decidir si desea aceptar la instalaci\u00f3n de las cookies lo que le permitir\u00e1 instalarlas y utilizarlas conforme a lo dispuesto en nuestra pol\u00edtica de cookies o configurarlas a su gusto.<\/p>\n\n<p>La opci\u00f3n de configurar las cookies siempre estar\u00e1 presente en la parte inferior de la p\u00e1gina por si cambia de opini\u00f3n.<\/p>\n\n<p>C\u00f3mo gestionar las cookies desde su navegador:<\/p>\n\n<p>La mayor\u00eda de los navegadores permiten ver, gestionar, eliminar y bloquear las cookies de un sitio web. Tenga en cuenta que si borra todas las cookies perder\u00e1 las preferencias de usuario que haya establecido, incluida la posibilidad de rechazar las cookies, ya que esta funci\u00f3n requiere que se instale una cookie de rechazo en su dispositivo.<\/p>\n\n<p>A continuaci\u00f3n puede ver c\u00f3mo gestionar las cookies en los principales navegadores:<\/p>\n\n<p><strong>Google Chrome<\/strong><\/p>\n\n<ol class=\"wp-block-list\">\n<li>En tu ordenador, abre Chrome.<\/li>\n\n\n\n<li>En la parte superior derecha, haz clic en M\u00e1s. Ajustes.<\/li>\n\n\n\n<li>En \u00abPrivacidad y seguridad\u00bb, haz clic en Configuraci\u00f3n del sitio web.<\/li>\n\n\n\n<li>Haga clic en Cookies.<\/li>\n\n\n\n<li>A continuaci\u00f3n, podr\u00e1: Habilitar cookies: active el interruptor situado junto a \u00abBloqueadas\u00bb.<\/li>\n<\/ol>\n\n<p>Para m\u00e1s informaci\u00f3n, puedes consultar el soporte de Google o la Ayuda del navegador.<\/p>\n\n<p><strong>Microsoft Internet Explorer<\/strong><\/p>\n\n<ol class=\"wp-block-list\">\n<li>Haga clic en \u00abHerramientas\u00bb en la esquina superior de su navegador de Windows y seleccione \u00abOpciones de Internet\u00bb y haga clic de nuevo en la opci\u00f3n \u00abPrivacidad\u00bb.<\/li>\n\n\n\n<li>Aseg\u00farese de que su nivel de privacidad est\u00e1 configurado como Medio o inferior, lo que permitir\u00e1 el uso de cookies en su navegador.<\/li>\n\n\n\n<li>Si selecciona una opci\u00f3n superior a Media, no se permitir\u00e1n las cookies.<\/li>\n<\/ol>\n\n<p>Para m\u00e1s informaci\u00f3n, puede consultar el soporte de Microsoft o la Ayuda del navegador.<\/p>\n\n<p><strong>Mozilla Firefox<\/strong><\/p>\n\n<ol class=\"wp-block-list\">\n<li>Haz clic en la parte superior de la ventana de tu navegador. Haga clic en \u00abHerramientas\u00bb y seleccione \u00abOpciones\u00bb.<\/li>\n\n\n\n<li>Seleccione el icono Privacidad y seguridad.<\/li>\n\n\n\n<li>Haga clic en la opci\u00f3n para permitir cookies en este sitio web.<\/li>\n<\/ol>\n\n<p>Para m\u00e1s informaci\u00f3n, puede consultar el soporte de Mozilla o la Ayuda del navegador.<\/p>\n\n<p><strong>Safari<\/strong><\/p>\n\n<ol class=\"wp-block-list\">\n<li>Haga clic en el icono de herramientas situado en la parte superior de su navegador y seleccione la opci\u00f3n \u00abPreferencias\u00bb.<\/li>\n\n\n\n<li>Haga clic en \u00abPrivacidad y seguridad\u00bb y seleccione la opci\u00f3n Bloquear \u00abImpedir el seguimiento de sitios cruzados\u00bb.<\/li>\n\n\n\n<li>Haz clic en \u00abGuardar\u00bb.<\/li>\n<\/ol>\n\n<p>Para m\u00e1s informaci\u00f3n, puedes consultar el soporte de Apple o la Ayuda del navegador.<\/p>\n\n<p>O puede consultar los videotutoriales publicados por la Agencia Espa\u00f1ola de Protecci\u00f3n de Datos: http:\/\/www.youtube.com\/user\/desdelaAEPD<\/p>\n\n<h2 class=\"wp-block-heading\">Cambios en la pol\u00edtica de cookies.<\/h2>\n\n<p>Este aviso de privacidad puede sufrir modificaciones, cambios o actualizaciones debido a nuevos requisitos legales. Este documento ser\u00e1 siempre la versi\u00f3n actualizada, adaptada a los nuevos requisitos.<\/p>\n\n<p>Los interesados podr\u00e1n ejercer sus derechos de acceso, rectificaci\u00f3n, cancelaci\u00f3n u oposici\u00f3n enviando un correo electr\u00f3nico a la siguiente direcci\u00f3n <a href=\"mailto:international@jubopadel.com\">international@jubopadel.com<\/a><\/p>\n\n<h3 class=\"wp-block-heading\">Tratamiento de datos y ejercicio de derechos.<\/h3>\n\n<p>Los datos personales que recojamos mediante el uso de cookies ser\u00e1n tratados por JUBO PADEL.<\/p>\n\n<p>Sus datos personales ser\u00e1n tratados con la finalidad indicada en cada una de las cookies identificadas en la tabla anterior. Estos datos personales se tratar\u00e1n sobre la base de su consentimiento.<\/p>\n\n<p>Puedes ejercer tus derechos de acceso, rectificaci\u00f3n, supresi\u00f3n y oposici\u00f3n, as\u00ed como el derecho a la limitaci\u00f3n del tratamiento, el derecho a la portabilidad de tus datos y el derecho a no ser objeto de decisiones automatizadas, acreditando tu identidad mediante DNI o equivalente enviando un correo electr\u00f3nico a <a href=\"mailto:international@jubopadel.com\">international@jubopadel.com<\/a>.<\/p>\n\n<p>Puede revocar el consentimiento otorgado para cada tipo de cookie en cualquier momento y a trav\u00e9s de nuestro panel de configuraci\u00f3n de cookies.<\/p>\n\n<p>Si considera que JUBO PADEL no ha respetado alguno de los derechos mencionados, tiene derecho a presentar una reclamaci\u00f3n ante la Agencia Espa\u00f1ola de Protecci\u00f3n de Datos.<\/p>\n\n<h3 class=\"wp-block-heading\">A qui\u00e9n se comunicar\u00e1n sus datos<\/h3>\n\n<p>En general, los datos de los usuarios recogidos a trav\u00e9s de las cookies de este sitio web no ser\u00e1n transferidos a terceros.<\/p>\n\n<p>Sin embargo, debido al uso de cookies de terceros, es posible que los datos recogidos se transfieran fuera de la Uni\u00f3n Europea, ya que estas cookies pueden estar alojadas fuera del Espacio Econ\u00f3mico Europeo.<\/p>\n\n<h3 class=\"wp-block-heading\">M\u00c1S INFORMACI\u00d3N SOBRE EL TRATAMIENTO DE DATOS PERSONALES<\/h3>\n\n<p>Puede encontrar m\u00e1s informaci\u00f3n sobre el tratamiento de sus datos personales accediendo a nuestra Pol\u00edtica de privacidad.<\/p>\n","protected":false},"excerpt":{"rendered":"<p>\u00bfQu\u00e9 son las cookies? Las cookies son peque\u00f1os ficheros de datos que se generan en el ordenador del usuario y que permiten conocer la frecuencia de visitas, los contenidos m\u00e1s seleccionados y los elementos de seguridad que pueden intervenir en el control de acceso a \u00e1reas restringidas, as\u00ed como la visualizaci\u00f3n de publicidad en funci\u00f3n [&hellip;]<\/p>\n","protected":false},"author":1,"featured_media":0,"parent":0,"menu_order":0,"comment_status":"closed","ping_status":"closed","template":"","meta":{"footnotes":""},"class_list":["post-3670","page","type-page","status-publish","hentry"],"_links":{"self":[{"href":"https:\/\/jubopadel.com\/es\/wp-json\/wp\/v2\/pages\/3670","targetHints":{"allow":["GET"]}}],"collection":[{"href":"https:\/\/jubopadel.com\/es\/wp-json\/wp\/v2\/pages"}],"about":[{"href":"https:\/\/jubopadel.com\/es\/wp-json\/wp\/v2\/types\/page"}],"author":[{"embeddable":true,"href":"https:\/\/jubopadel.com\/es\/wp-json\/wp\/v2\/users\/1"}],"replies":[{"embeddable":true,"href":"https:\/\/jubopadel.com\/es\/wp-json\/wp\/v2\/comments?post=3670"}],"version-history":[{"count":9,"href":"https:\/\/jubopadel.com\/es\/wp-json\/wp\/v2\/pages\/3670\/revisions"}],"predecessor-version":[{"id":18382,"href":"https:\/\/jubopadel.com\/es\/wp-json\/wp\/v2\/pages\/3670\/revisions\/18382"}],"wp:attachment":[{"href":"https:\/\/jubopadel.com\/es\/wp-json\/wp\/v2\/media?parent=3670"}],"curies":[{"name":"wp","href":"https:\/\/api.w.org\/{rel}","templated":true}]}}