{"id":4303,"date":"2023-08-08T08:12:46","date_gmt":"2023-08-08T08:12:46","guid":{"rendered":"https:\/\/jubopadel.com\/club-konfigurator\/"},"modified":"2024-07-04T07:21:48","modified_gmt":"2024-07-04T07:21:48","slug":"club-konfigurator","status":"publish","type":"page","link":"https:\/\/jubopadel.com\/de\/club-konfigurator\/","title":{"rendered":"Club-Konfigurator"},"content":{"rendered":"\n<h2 class=\"wp-block-heading\">Haben Sie bereits einen Raum f\u00fcr Ihr Projekt?<\/h2>\n\n<div class=\"wp-block-columns is-layout-flex wp-container-core-columns-is-layout-9d6595d7 wp-block-columns-is-layout-flex\">\n<div class=\"wp-block-column is-layout-flow wp-block-column-is-layout-flow\">\n<p>Unser Clubkonfigurator wurde mit einer intuitiven Benutzerf\u00fchrung konzipiert, um einen ersten Blick auf Ihr Padelprojekt zu werfen. Er ist ein hervorragendes Werkzeug, um Ihr Traumprojekt zu starten.<br\/><strong>Wie funktioniert das?<\/strong>  Sie m\u00fcssen nur die Gr\u00f6\u00dfe des Raums definieren, die verschiedenen Elemente per Drag &amp; Drop in den definierten Bereich ziehen und das war&#8217;s! Bitte wenden Sie sich <a href=\"https:\/\/jubopadel.com\/de\/contact\/\">an einen Experten<\/a>, wenn Sie Hilfe ben\u00f6tigen.<\/p>\n<\/div>\n\n\n\n<div class=\"wp-block-column is-layout-flow wp-block-column-is-layout-flow\"><\/div>\n<\/div>\n","protected":false},"excerpt":{"rendered":"<p>Haben Sie bereits einen Raum f\u00fcr Ihr Projekt? Unser Clubkonfigurator wurde mit einer intuitiven Benutzerf\u00fchrung konzipiert, um einen ersten Blick auf Ihr Padelprojekt zu werfen. Er ist ein hervorragendes Werkzeug, um Ihr Traumprojekt zu starten.Wie funktioniert das? Sie m\u00fcssen nur die Gr\u00f6\u00dfe des Raums definieren, die verschiedenen Elemente per Drag &amp; Drop in den definierten [&hellip;]<\/p>\n","protected":false},"author":1,"featured_media":0,"parent":0,"menu_order":0,"comment_status":"closed","ping_status":"closed","template":"templates\/club-configurator.php","meta":{"footnotes":""},"class_list":["post-4303","page","type-page","status-publish","hentry"],"_links":{"self":[{"href":"https:\/\/jubopadel.com\/de\/wp-json\/wp\/v2\/pages\/4303","targetHints":{"allow":["GET"]}}],"collection":[{"href":"https:\/\/jubopadel.com\/de\/wp-json\/wp\/v2\/pages"}],"about":[{"href":"https:\/\/jubopadel.com\/de\/wp-json\/wp\/v2\/types\/page"}],"author":[{"embeddable":true,"href":"https:\/\/jubopadel.com\/de\/wp-json\/wp\/v2\/users\/1"}],"replies":[{"embeddable":true,"href":"https:\/\/jubopadel.com\/de\/wp-json\/wp\/v2\/comments?post=4303"}],"version-history":[{"count":3,"href":"https:\/\/jubopadel.com\/de\/wp-json\/wp\/v2\/pages\/4303\/revisions"}],"predecessor-version":[{"id":9386,"href":"https:\/\/jubopadel.com\/de\/wp-json\/wp\/v2\/pages\/4303\/revisions\/9386"}],"wp:attachment":[{"href":"https:\/\/jubopadel.com\/de\/wp-json\/wp\/v2\/media?parent=4303"}],"curies":[{"name":"wp","href":"https:\/\/api.w.org\/{rel}","templated":true}]}}