{"id":3672,"date":"2023-08-21T07:58:40","date_gmt":"2023-08-21T07:58:40","guid":{"rendered":"https:\/\/jubopadel.com\/rechtspolitik\/"},"modified":"2023-12-19T14:28:04","modified_gmt":"2023-12-19T14:28:04","slug":"rechtspolitik","status":"publish","type":"page","link":"https:\/\/jubopadel.com\/de\/rechtspolitik\/","title":{"rendered":"Rechtlicher Hinweis"},"content":{"rendered":"\n<p>In \u00dcbereinstimmung mit Art. 10 des Gesetzes 34\/2002 vom 11. Juli \u00fcber die Dienste der Informationsgesellschaft und den elektronischen Gesch\u00e4ftsverkehr teilen wir Ihnen mit, dass der Verantwortliche f\u00fcr diese Website ist:<\/p>\n\n<ul class=\"wp-block-list\">\n<li>IDENTIT\u00c4T: &#8222;JUBOPADEL INTERNACIONAL SL&#8220;<\/li>\n\n\n\n<li>C.I.F.\/N.I.F.: B53298808<\/li>\n\n\n\n<li>ADRESSE: C\/ RIU XUQUER, 6, 03778 BENIARBEIG (ALICANTE)<\/li>\n\n\n\n<li>TELEFON: 865727153<\/li>\n\n\n\n<li>E-MAIL: admin@judopadel.com<\/li>\n\n\n\n<li>REGISTRIERUNGSDATEN: Im Handelsregister von Alicante eingetragenes Unternehmen,<\/li>\n\n\n\n<li>Band 2142, Seite 84, Blatt A-48984.<\/li>\n<\/ul>\n\n<h2 class=\"wp-block-heading\">ALLGEMEINE NUTZUNGSBEDINGUNGEN VON JUBOPADEL.COM<\/h2>\n\n<h3 class=\"wp-block-heading\">1.- OBJEKT.<\/h3>\n\n<p>Diese allgemeinen Nutzungsbedingungen (im Folgenden AVB) regeln den Zugang und die Nutzung der Website unter der Domain JUBOPADEL.COM (im Folgenden Website), die Eigentum von &#8222;JUBOPADEL INTERNACIONAL SL&#8220; (im Folgenden JUBOpadel) ist und den Nutzern (im Folgenden Nutzer) zur Verf\u00fcgung gestellt wird.<\/p>\n\n<p>Bei Fragen oder Bedenken bez\u00fcglich der Nutzung und des Zugriffs auf die Website oder diese AGB k\u00f6nnen Sie uns \u00fcber die im Impressum ver\u00f6ffentlichten Kontaktdaten kontaktieren.<\/p>\n\n<h3 class=\"wp-block-heading\">2.- DIE \u00dcBEREINSTIMMUNG MIT DIESEN ALLGEMEINEN BEDINGUNGEN.<\/h3>\n\n<p>Die Nutzung der Website setzt voraus, dass der Nutzer die zum Zeitpunkt des Zugriffs auf die Website geltenden AGB in vollem Umfang akzeptiert. Wenn der Nutzer also mit einer der hier festgelegten Bedingungen nicht einverstanden ist, sollte er\/sie von der Nutzung dieser Website absehen.<\/p>\n\n<p>Daher muss der Nutzer die NB jedes Mal sorgf\u00e4ltig lesen, wenn er die Website nutzen m\u00f6chte.<\/p>\n\n<p>In jedem Fall beh\u00e4lt sich JUBOpadel das Recht vor, die NB jederzeit und ohne Vorank\u00fcndigung zu \u00e4ndern. Au\u00dferdem beh\u00e4lt sich JUBOpadel das Recht vor, den Betrieb der Website jederzeit auszusetzen, zu unterbrechen oder einzustellen.<\/p>\n\n<p>Mit &#8222;Nutzung der Website&#8220; ist jeder Nutzer gemeint, der auf die Website zugreift und sie durchsucht, unabh\u00e4ngig vom Ausf\u00fcllen der Registrierungsformulare.<\/p>\n\n<h3 class=\"wp-block-heading\">3.- BEDINGUNGEN F\u00dcR DEN ZUGANG UND DIE NUTZUNG DER WEBSITE UND IHRER INHALTE.<\/h3>\n\n<p>Der Zugriff auf die Website und \/ oder die darin enthaltenen Inhalte impliziert keine Garantie hinsichtlich der Eignung der Website und \/ oder der darin enthaltenen Inhalte f\u00fcr bestimmte oder spezifische Zwecke der Nutzer.<\/p>\n\n<p>JUBOpadel kann Beschr\u00e4nkungen und\/oder zus\u00e4tzliche Bedingungen f\u00fcr die Nutzung und\/oder den Zugang zur Website und\/oder zu den Inhalten festlegen, die von den Nutzern in jedem Fall zu beachten sind.<\/p>\n\n<h4 class=\"wp-block-heading\">3.1- Zugang und Nutzung der Website.<\/h4>\n\n<p>Sofern nicht anders angegeben, ist die Nutzung der Website kostenlos, unbeschadet der Kosten f\u00fcr den Anschluss an das entsprechende Telekommunikationsnetz, das der Nutzer beauftragt hat.<\/p>\n\n<p>Der Nutzer erkennt an, dass er\/sie \u00fcber achtzehn Jahre alt ist, und er\/sie ist sich dar\u00fcber hinaus bewusst, dass die Nutzung der Website in jedem Fall unter seiner\/ihrer alleinigen und ausschlie\u00dflichen Verantwortung erfolgt, und akzeptiert dies ausdr\u00fccklich.<\/p>\n\n<p>Der Nutzer verpflichtet sich, die AGB sowie die auf der Website enthaltenen besonderen Warnungen oder Hinweise zu beachten und stets in \u00dcbereinstimmung mit dem Gesetz, den guten Sitten und den Erfordernissen von Treu und Glauben zu handeln, indem er seine gr\u00f6\u00dftm\u00f6gliche Sorgfalt unter Ber\u00fccksichtigung der Art und des Gegenstands der von ihm in Anspruch genommenen Dienstleistung walten l\u00e4sst. Zu diesem Zweck unterlassen Sie es, die Website in einer Weise zu nutzen, die den normalen Betrieb derselben, das Eigentum oder die Rechte von JUBOpadel, seinen Lieferanten, seinen Vertriebsh\u00e4ndlern, anderen Nutzern oder allgemein von Dritten behindern, sch\u00e4digen oder beeintr\u00e4chtigen k\u00f6nnte.<\/p>\n\n<p>Insbesondere und ohne Einschr\u00e4nkung der Verpflichtung, die der Nutzer im Allgemeinen gem\u00e4\u00df dem vorstehenden Absatz \u00fcbernommen hat, erkl\u00e4rt sich der Nutzer mit der Nutzung der Website einverstanden:<\/p>\n\n<ul class=\"wp-block-list\">\n<li>Keine Informationen oder Materialien auf oder von der Website einzugeben, zu speichern oder zu verbreiten, die verleumderisch, verleumderisch, obsz\u00f6n, bedrohlich, fremdenfeindlich, pornografisch, terroristisch, gewaltverherrlichend, diskriminierend aus Gr\u00fcnden der Rasse, des Geschlechts, der Weltanschauung oder der Religion sind oder die in irgendeiner Weise die Form, die \u00f6ffentliche Ordnung, die Grundrechte, die \u00f6ffentlichen Freiheiten, die Ehre, die Privatsph\u00e4re oder das Ansehen Dritter und allgemein die geltende Gesetzgebung verletzen.<\/li>\n\n\n\n<li>\u00dcber die Website keine Computerprogramme, Daten, Viren, Codes oder andere elektronische oder physische Instrumente oder Vorrichtungen einzuf\u00fchren, zu speichern oder zu verbreiten, die geeignet sind, die Website, einen der Dienste oder eine der Anlagen, Systeme oder Netzwerke von JUBOpadel, eines Nutzers, Lieferanten oder H\u00e4ndlers von JUBOpadel oder allgemein von Dritten zu besch\u00e4digen, die in der Lage sind, irgendeine Art von Ver\u00e4nderung zu verursachen oder den normalen Betrieb derselben zu verhindern.<\/li>\n\n\n\n<li>\u00dcber die Website keine Inhalte einzugeben, zu speichern oder zu verbreiten, die die Regeln des geistigen Eigentums, gewerbliche Rechte oder Rechte Dritter verletzen, oder generell keine Inhalte, die nicht das Recht haben, sie Dritten zur Verf\u00fcgung zu stellen, in \u00dcbereinstimmung mit dem Gesetz.<\/li>\n<\/ul>\n\n<h4 class=\"wp-block-heading\">3.2- Zugang und Nutzung der Inhalte.<\/h4>\n\n<p>Die Inhalte der Website werden dem Nutzer mit Informationen aus eigenen Quellen und von Dritten zur Verf\u00fcgung gestellt.<\/p>\n\n<p>JUBOpadel versucht sicherzustellen, dass die Inhalte von h\u00f6chstm\u00f6glicher Qualit\u00e4t sind und in angemessener Weise aktualisiert werden, \u00fcbernimmt jedoch keine Garantie f\u00fcr die N\u00fctzlichkeit, Genauigkeit, Vollst\u00e4ndigkeit, Relevanz und\/oder Aktualit\u00e4t der Inhalte.<\/p>\n\n<h3 class=\"wp-block-heading\">4.- RECHTE AN GEISTIGEM UND GEWERBLICHEM EIGENTUM.<\/h3>\n\n<p>Mit diesen ANB werden keine Rechte an geistigem oder gewerblichem Eigentum an der Website oder einem ihrer Bestandteile \u00fcbertragen, und es ist dem Nutzer ausdr\u00fccklich untersagt, sie in irgendeiner Weise, mit irgendwelchen Mitteln oder in irgendeinem Verfahren zu vervielf\u00e4ltigen, umzuwandeln, zu verbreiten, \u00f6ffentlich bekannt zu machen, zug\u00e4nglich zu machen, zu extrahieren, wiederzuverwenden, weiterzusenden oder zu nutzen, es sei denn, dies ist gesetzlich erlaubt oder vom Inhaber der entsprechenden Rechte genehmigt.<\/p>\n\n<p>Der Nutzer kann eine zeitlich begrenzte Privatkopie der Inhalte f\u00fcr seinen ausschlie\u00dflichen pers\u00f6nlichen und privaten Gebrauch auf seinen Computersystemen (Software und Hardware) ansehen und erhalten, vorausgesetzt, dies geschieht nicht zum Zwecke der Aus\u00fcbung kommerzieller oder beruflicher T\u00e4tigkeiten. Der Nutzer muss es unterlassen, die Inhalte mit anderen Mitteln oder Verfahren zu erhalten oder zu versuchen, diese zu erhalten, als denjenigen, die in jedem Fall zu diesem Zweck zur Verf\u00fcgung gestellt oder angegeben wurden, oder denjenigen, die normalerweise im Internet verwendet werden (vorausgesetzt, dass letztere nicht das Risiko einer Besch\u00e4digung oder Deaktivierung der Website mit sich bringen). Der Nutzer muss zu jeder Zeit Folgendes beachten<\/p>\n\n<p>zu jeder Zeit alle geistigen und gewerblichen Eigentumsrechte an der Website, die JUBOpadel oder Dritten geh\u00f6ren.<\/p>\n\n<h3 class=\"wp-block-heading\">5.- AUSSCHLUSS VON GEW\u00c4HRLEISTUNG UND HAFTUNG.<\/h3>\n\n<h4 class=\"wp-block-heading\">5.1.- Ausschluss von Garantien und Haftung f\u00fcr den Betrieb der Website.<\/h4>\n\n<p>JUBOpadel \u00fcbernimmt keine Garantie f\u00fcr die Verf\u00fcgbarkeit und Kontinuit\u00e4t des Betriebs der Website und der auf ihr angebotenen Dienstleistungen oder Inhalte sowie f\u00fcr die Aktualisierung der auf der Website vorhandenen Inhalte und ist von jeglicher Haftung f\u00fcr Sch\u00e4den jeglicher Art, die sich aus solchen Umst\u00e4nden ergeben k\u00f6nnten, befreit.<\/p>\n\n<p>JUBOpadel wird, sofern keine Umst\u00e4nde vorliegen, die die Ausf\u00fchrung unm\u00f6glich machen oder erschweren, und sobald es von Fehlern, Verbindungsabbr\u00fcchen und\/oder fehlender Aktualisierung von Inhalten Kenntnis erlangt, alle Anstrengungen unternehmen, um Fehler zu beheben, die Kommunikation wiederherzustellen und\/oder die genannten Inhalte zu aktualisieren.<\/p>\n\n<p>JUBOpadel garantiert auch nicht die technische Zuverl\u00e4ssigkeit seiner Website oder den Zugang zu seinen verschiedenen Seiten und ist ebenfalls von jeglicher Haftung f\u00fcr Sch\u00e4den jeglicher Art, die aus diesem Grund entstehen k\u00f6nnten, befreit.<\/p>\n\n<p>Dar\u00fcber hinaus ist JUBOpadel nicht verantwortlich f\u00fcr Fehler oder Sicherheitsm\u00e4ngel, die aufgrund der Verwendung einer veralteten oder unsicheren Version des Browsers durch den Nutzer auftreten k\u00f6nnen, sowie f\u00fcr Sch\u00e4den, Fehler oder Ungenauigkeiten, die sich aus einer Fehlfunktion desselben ergeben k\u00f6nnen.<\/p>\n\n<p>Um das Risiko der Einschleppung von Viren auf der Website zu verringern, verwendet Virenerkennungsprogramme zur Kontrolle aller Inhalte, die Sie auf der Website eingeben. JUBOpadel garantiert jedoch nicht die Abwesenheit von Viren oder anderen Elementen auf der Website, die von Dritten au\u00dferhalb von JUBOpadel eingef\u00fchrt wurden und die Ver\u00e4nderungen in den physischen oder logischen Systemen der Nutzer oder in den elektronischen Dokumenten und Dateien, die auf ihren Systemen gespeichert sind, verursachen k\u00f6nnen. Folglich haftet JUBOpadel in keinem Fall f\u00fcr Sch\u00e4den jeglicher Art, die durch das Vorhandensein von Viren oder anderen Elementen entstehen, die Ver\u00e4nderungen in den physischen oder logischen Systemen, elektronischen Dokumenten oder Dateien der Nutzer verursachen k\u00f6nnen.<\/p>\n\n<p>JUBOpadel ergreift verschiedene Schutzma\u00dfnahmen, um die Website, die gesammelten Daten und den Inhalt vor Computerangriffen durch Dritte zu sch\u00fctzen. JUBOpadel garantiert jedoch nicht, dass unbefugte Dritte Zugang zu der Art der Nutzung oder Navigation der Website, die der Benutzer oder die Bedingungen, Merkmale und Umst\u00e4nde, in denen es stattfindet, macht. JUBOpadel haftet daher in keinem Fall f\u00fcr Sch\u00e4den, die sich aus einem solchen unberechtigten Zugriff ergeben k\u00f6nnen.<\/p>\n\n<p>JUBOpadel haftet unter keinen Umst\u00e4nden f\u00fcr die Nutzung der Website oder der Inhalte durch Nutzer und\/oder Dritte, noch f\u00fcr Sch\u00e4den, die daraus entstehen k\u00f6nnen.<\/p>\n\n<h4 class=\"wp-block-heading\">5.2 &#8211; Ausschluss von Gew\u00e4hrleistungen und Haftung f\u00fcr den Inhalt.<\/h4>\n\n<p>JUBOpadel redigiert die auf der Website ver\u00f6ffentlichten Inhalte Dritter nicht und \u00fcbernimmt daher keine Gew\u00e4hr und Verantwortung f\u00fcr die Rechtm\u00e4\u00dfigkeit, Zuverl\u00e4ssigkeit, N\u00fctzlichkeit, Wahrhaftigkeit, Genauigkeit, Vollst\u00e4ndigkeit und Aktualit\u00e4t dieser Inhalte sowie f\u00fcr die Inhalte, die Eigentum von JUBOpadel sind. JUBOpadel haftet in keinem Fall f\u00fcr Sch\u00e4den, die daraus entstehen k\u00f6nnen: (i) das Fehlen der Rechtm\u00e4\u00dfigkeit, Wahrhaftigkeit, Genauigkeit, Vollst\u00e4ndigkeit und \/ oder Aktualit\u00e4t der Inhalte, die von Dritten und ihren eigenen; (ii) die Unangemessenheit des Inhalts der Website, einschlie\u00dflich des Inhalts der Website.<\/p>\n\n<p>(ii) die Untauglichkeit f\u00fcr irgendeinen Zweck und die Entt\u00e4uschung der durch den Inhalt geweckten Erwartungen; (iii) Entscheidungen oder Handlungen, die der Nutzer im Vertrauen auf die in den Inhalten zur Verf\u00fcgung gestellten Informationen oder Daten getroffen oder unterlassen hat, einschlie\u00dflich, aber nicht beschr\u00e4nkt auf den Verlust von Gewinnen oder Gesch\u00e4ftsm\u00f6glichkeiten.<\/p>\n\n<h3 class=\"wp-block-heading\">6.- HYPERLINKS.<\/h3>\n\n<p>Personen, die beabsichtigen, Hyperlinks zwischen ihrer Webseite und der Website einzurichten, m\u00fcssen die folgenden Bedingungen beachten und einhalten:<\/p>\n\n<ul class=\"wp-block-list\">\n<li>i) Eine vorherige Genehmigung ist nicht erforderlich, wenn der Hyperlink nur den Zugang zur Startseite der Website erm\u00f6glicht, diese aber nicht in irgendeiner Form wiedergegeben werden darf. Jede andere Form des Hyperlinks bedarf der ausdr\u00fccklichen und unmissverst\u00e4ndlichen schriftlichen Genehmigung durch JUBOpadel.<\/li>\n\n\n\n<li>ii) Die Webseite, auf der der Hyperlink eingerichtet wird, darf nur das enthalten, was unbedingt notwendig ist, um das Ziel des Hyperlinks zu identifizieren.<\/li>\n\n\n\n<li>iii) Die Webseite, auf der der Hyperlink eingerichtet wird, darf weder Informationen oder illegale Inhalte enthalten, die gegen die guten Sitten und die allgemein anerkannten guten Sitten und die \u00f6ffentliche Ordnung versto\u00dfen, noch Inhalte, die Rechte Dritter verletzen.<\/li>\n\n\n\n<li>iv) JUBOpadel beh\u00e4lt sich das Recht vor, Hyperlinks zur Website zu sperren, f\u00fcr die keine ausdr\u00fcckliche vorherige Genehmigung vorliegt, auch wenn sie den Bestimmungen dieses Punktes der Allgemeinen Bedingungen entsprechen.<\/li>\n<\/ul>\n\n<h3 class=\"wp-block-heading\">7 &#8211; MASSNAHMEN IM FALLE EINES VERSTOSSES.<\/h3>\n\n<p>JUBOpadel beh\u00e4lt sich das Recht vor, alle gesetzlich m\u00f6glichen Ma\u00dfnahmen zu ergreifen, um die Verantwortlichkeiten, die sich aus der Verletzung einer der Bestimmungen der vorliegenden Allgemeinen Gesch\u00e4ftsbedingungen der Website durch einen Nutzer ergeben, einzufordern.<\/p>\n\n<h3 class=\"wp-block-heading\">8.- TEILWEISE NICHTIGKEIT.<\/h3>\n\n<p>Die Erkl\u00e4rung einer der in diesen Allgemeinen Bedingungen enthaltenen Klauseln als nichtig, ung\u00fcltig oder unwirksam ber\u00fchrt nicht die G\u00fcltigkeit oder Wirksamkeit der \u00fcbrigen Klauseln, die weiterhin zwischen den Parteien verbindlich sind.<\/p>\n\n<h3 class=\"wp-block-heading\">9.- ANWENDBARES RECHT UND GERICHTSBARKEIT.<\/h3>\n\n<p>Diese ANB unterliegen den Bestimmungen des spanischen Rechts.<\/p>\n\n<p>Alle Streitigkeiten im Zusammenhang mit den Bedingungen f\u00fcr die Nutzung und den Zugang zu dieser Website in diesem Dokument der Website GTU enthalten, die Parteien unterwerfen, ausdr\u00fccklich unter Verzicht auf jede andere Zust\u00e4ndigkeit, die ihnen entsprechen k\u00f6nnen, sofern nicht anders gesetzlich festgelegt, an die Gerichte von Denia.<\/p>\n\n<h3 class=\"wp-block-heading\">10.- BENACHRICHTIGUNGEN.<\/h3>\n\n<p>Zum Zwecke der Durchf\u00fchrung der entsprechenden Benachrichtigungen hat JUBOpadel die im Impressum angegebene Kontaktadresse angegeben.<\/p>\n\n<p>Die vom Nutzer bei der Registrierung auf der Website angegebene E-Mail-Adresse wird von JUBOpadel f\u00fcr die \u00dcbermittlung von Benachrichtigungen an den Nutzer verwendet.<\/p>\n\n<p>Der Nutzer ist verpflichtet, die Daten, auf die in dieser Klausel Bezug genommen wird, zum Zwecke der Benachrichtigung ordnungsgem\u00e4\u00df zu aktualisieren.<\/p>\n\n<p>Alle Mitteilungen von JUBOpadel an den Nutzer gelten als rechtsg\u00fcltig, wenn sie unter Verwendung der oben angegebenen Daten und mit den oben genannten Mitteln erfolgt sind. JUBOpadel haftet nicht f\u00fcr Sch\u00e4den, die daraus entstehen, dass der Nutzer seine Verpflichtung zur Aktualisierung seiner Kontaktdaten verletzt.<\/p>\n\n<p><\/p>\n","protected":false},"excerpt":{"rendered":"<p>In \u00dcbereinstimmung mit Art. 10 des Gesetzes 34\/2002 vom 11. Juli \u00fcber die Dienste der Informationsgesellschaft und den elektronischen Gesch\u00e4ftsverkehr teilen wir Ihnen mit, dass der Verantwortliche f\u00fcr diese Website ist: ALLGEMEINE NUTZUNGSBEDINGUNGEN VON JUBOPADEL.COM 1.- OBJEKT. Diese allgemeinen Nutzungsbedingungen (im Folgenden AVB) regeln den Zugang und die Nutzung der Website unter der Domain JUBOPADEL.COM [&hellip;]<\/p>\n","protected":false},"author":1,"featured_media":0,"parent":0,"menu_order":0,"comment_status":"closed","ping_status":"closed","template":"","meta":{"footnotes":""},"class_list":["post-3672","page","type-page","status-publish","hentry"],"_links":{"self":[{"href":"https:\/\/jubopadel.com\/de\/wp-json\/wp\/v2\/pages\/3672","targetHints":{"allow":["GET"]}}],"collection":[{"href":"https:\/\/jubopadel.com\/de\/wp-json\/wp\/v2\/pages"}],"about":[{"href":"https:\/\/jubopadel.com\/de\/wp-json\/wp\/v2\/types\/page"}],"author":[{"embeddable":true,"href":"https:\/\/jubopadel.com\/de\/wp-json\/wp\/v2\/users\/1"}],"replies":[{"embeddable":true,"href":"https:\/\/jubopadel.com\/de\/wp-json\/wp\/v2\/comments?post=3672"}],"version-history":[{"count":6,"href":"https:\/\/jubopadel.com\/de\/wp-json\/wp\/v2\/pages\/3672\/revisions"}],"predecessor-version":[{"id":9910,"href":"https:\/\/jubopadel.com\/de\/wp-json\/wp\/v2\/pages\/3672\/revisions\/9910"}],"wp:attachment":[{"href":"https:\/\/jubopadel.com\/de\/wp-json\/wp\/v2\/media?parent=3672"}],"curies":[{"name":"wp","href":"https:\/\/api.w.org\/{rel}","templated":true}]}}