{"id":3668,"date":"2023-08-21T07:58:27","date_gmt":"2023-08-21T07:58:27","guid":{"rendered":"https:\/\/jubopadel.com\/cookie-richtlinie\/"},"modified":"2024-07-04T07:21:55","modified_gmt":"2024-07-04T07:21:55","slug":"cookie-richtlinie","status":"publish","type":"page","link":"https:\/\/jubopadel.com\/de\/cookie-richtlinie\/","title":{"rendered":"Cookie-Richtlinie"},"content":{"rendered":"\n<h2 class=\"wp-block-heading\">Was sind Cookies?<\/h2>\n\n<p>Cookies sind kleine Dateien, die auf dem Computer des Nutzers generiert werden und die es uns erm\u00f6glichen, die H\u00e4ufigkeit der Besuche, die am h\u00e4ufigsten gew\u00e4hlten Inhalte und die Sicherheitselemente zu kennen, die in die Kontrolle des Zugangs zu gesperrten Bereichen eingreifen k\u00f6nnen, sowie die Anzeige von Werbung nach Kriterien, die von JUBO PADEL vorher festgelegt wurden und die durch Cookies aktiviert werden, die von der genannten Einrichtung oder von Dritten, die diese Dienste im Namen von JUBO PADEL anbieten, bereitgestellt werden.<\/p>\n\n<p>Im Allgemeinen gibt es die folgenden Arten von Cookies.<\/p>\n\n<p>Je nach der Einrichtung, die die Dom\u00e4ne verwaltet, von der die Cookies gesendet werden, und die die erhaltenen Daten verarbeitet, k\u00f6nnen zwei Arten unterschieden werden:<\/p>\n\n<p>-Erstanbieter-Cookies: Cookies, die von einem Computer oder einer Dom\u00e4ne, die vom Herausgeber selbst verwaltet wird und von der aus der vom Benutzer angeforderte Dienst bereitgestellt wird, an das Endger\u00e4t des Benutzers gesendet werden.<br\/>-Cookies von Drittanbietern: Cookies, die von einem Computer oder einer Dom\u00e4ne, die nicht vom Herausgeber, sondern von einer anderen Einrichtung, die die durch die Cookies erhaltenen Daten verarbeitet, an das Endger\u00e4t des Benutzers gesendet werden.<\/p>\n\n<p>Falls die Cookies von einem Computer oder einer Dom\u00e4ne installiert werden, die vom Herausgeber selbst verwaltet wird, die damit gesammelten Informationen aber von einem Dritten verwaltet werden, k\u00f6nnen sie nicht als eigene Cookies betrachtet werden.<\/p>\n\n<p>Es gibt auch eine zweite Klassifizierung nach der Dauer, die sie im Browser des Kunden gespeichert bleiben, die sein kann:<\/p>\n\n<p>-Sitzungscookies: dienen der Erfassung und Speicherung von Daten, w\u00e4hrend der Nutzer auf eine Website zugreift. Sie werden in der Regel verwendet, um Informationen zu speichern, die nur f\u00fcr die Erbringung der vom Nutzer einmalig angeforderten Dienstleistung aufbewahrt werden m\u00fcssen (z. B. eine Liste der gekauften Produkte).<\/p>\n\n<p><br\/>Persistente Cookies: Die Daten bleiben auf dem Endger\u00e4t gespeichert und k\u00f6nnen w\u00e4hrend eines vom Cookie-Manager festgelegten Zeitraums, der von einigen Minuten bis zu mehreren Jahren reichen kann, abgerufen und verarbeitet werden.<\/p>\n\n<p>Schlie\u00dflich gibt es noch eine weitere Klassifizierung mit sechs Arten von Cookies, je nach dem Zweck, f\u00fcr den die erhaltenen Daten verarbeitet werden:<\/p>\n\n<p>-Technische Cookies: Technische oder notwendige Cookies sind f\u00fcr das ordnungsgem\u00e4\u00dfe Funktionieren unserer Website unerl\u00e4sslich und umfassen grundlegende Funktionen wie die Identifizierung der Sitzung oder den Zugang registrierter Benutzer zu Bereichen mit beschr\u00e4nktem Zugang. Aus diesen Gr\u00fcnden k\u00f6nnen technische Cookies nicht deaktiviert werden.<\/p>\n\n<p><br\/>Vorzugs-Cookies: Durch die Verwendung von Pr\u00e4ferenz-Cookies kann sich die Website w\u00e4hrend Ihres Besuchs Informationen merken, die mit dem Verhalten oder dem Aussehen der Website zusammenh\u00e4ngen, wie z. B. Ihre bevorzugte Sprache oder die Region, in der Sie sich befinden.<\/p>\n\n<p><br\/>-Statistische Cookies: Wir verwenden statistische Cookies, um zu sehen, wie Sie mit der Website interagieren, indem wir anonyme Informationen w\u00e4hrend der Zeit, die Sie auf der Website verbringen, sammeln. Der Zweck der Sammlung dieser Informationen ist die Verbesserung der Website auf der Grundlage der Analyse der aggregierten Daten.<\/p>\n\n<p><br\/>-Marketing\/Werbung Cookies: Diese erm\u00f6glichen es uns, die auf unserer Website, Anwendung oder Plattform enthaltenen Werbefl\u00e4chen anhand von Kriterien wie dem gezeigten Inhalt oder der H\u00e4ufigkeit der Anzeigen zu verwalten.<\/p>\n\n<p><br\/>Marketing-Cookies: Marketing-Cookies werden verwendet, um Ihr Verhalten beim Besuch der Website zu analysieren und damit andere Anbieter Ihnen von Zeit zu Zeit personalisierte und relevante Werbung auf der Grundlage Ihres Surfprofils anbieten k\u00f6nnen.<\/p>\n\n<p>-Cookies von externen sozialen Netzwerken: Diese werden verwendet, damit Besucher mit den Inhalten verschiedener sozialer Plattformen (Facebook, Youtube, Twitter, LinkedIn usw.) interagieren k\u00f6nnen, und werden nur f\u00fcr Nutzer dieser sozialen Netzwerke generiert. Die Bedingungen f\u00fcr die Verwendung dieser Cookies und die gesammelten Informationen werden durch die Datenschutzbestimmungen der entsprechenden sozialen Plattform geregelt.<\/p>\n\n<h2 class=\"wp-block-heading\">Von uns verwendete Cookies<\/h2>\n\n<p><strong>EIGENE COOKIES<\/strong><\/p>\n\n<p>Technisch oder notwendig<\/p>\n\n<p>Technische oder unbedingt notwendige Cookies sind solche, die es dem Nutzer erm\u00f6glichen, auf einer Website zu surfen und die verschiedenen dort angebotenen Optionen oder Dienste zu nutzen, wie z. B. die Kontrolle des Datenverkehrs und der Datenkommunikation, die Identifizierung der Sitzung, den Zugang zu Bereichen mit eingeschr\u00e4nktem Zugang, die Erinnerung an die Elemente, aus denen eine Bestellung besteht, die Durchf\u00fchrung des Kaufprozesses einer Bestellung, die Verwaltung der Zahlung, die Kontrolle von Betrug im Zusammenhang mit der Sicherheit des Dienstes, einen Antrag auf Registrierung oder Teilnahme an einer Veranstaltung zu stellen, Sicherheitselemente beim Surfen zu verwenden, Inhalte f\u00fcr die \u00dcbertragung von Videos oder Ton zu speichern, dynamische Inhalte zu erm\u00f6glichen (z. B. Animation von Text oder Laden von Bildern), Inhalte \u00fcber soziale Netzwerke zu teilen oder die Benutzeroberfl\u00e4che zu personalisieren, sofern der Nutzer die von ihm gew\u00fcnschten Personalisierungsoptionen ausw\u00e4hlt. Die Rechtsgrundlage, die diese Verarbeitung legitimiert, ist die Ausf\u00fchrung und Aufrechterhaltung der vom Nutzer gew\u00fcnschten Dienstleistung. Diese Cookies bleiben so lange aktiv, wie der Nutzer auf der Website bleibt.<\/p>\n\n<p>Pr\u00e4ferenz oder Personalisierung:<\/p>\n\n<p>Pr\u00e4ferenz- oder Personalisierungs-Cookies sind Cookies, die es erm\u00f6glichen, Informationen zu speichern, damit der Nutzer den Dienst mit bestimmten Merkmalen aufruft, die ihn von anderen Nutzern unterscheiden, wie z. B. die Sprache, die Anzahl der Ergebnisse, die bei einer Suche angezeigt werden sollen, das Erscheinungsbild oder der Inhalt des Dienstes in Abh\u00e4ngigkeit von der Art des Browsers, mit dem der Nutzer auf den Dienst zugreift, oder der Region, aus der er auf den Dienst zugreift, usw. Die Dauer dieser Cookies ist die Zeit, die der Nutzer auf der Website bleibt (Sitzung). Die Informationen werden ausschlie\u00dflich im Browser des Nutzers gespeichert und zu keinem anderen Zweck als zur Verwaltung der Nutzerpr\u00e4ferenzen verwendet. Die Rechtsgrundlage f\u00fcr die Verarbeitung ist die ausdr\u00fcckliche Zustimmung des Nutzers.<\/p>\n\n<p><strong>COOKIES VON DRITTEN<\/strong><\/p>\n\n<p>Messung oder Analyse:<\/p>\n\n<p>Mess- oder Analyse-Cookies sind Cookies, die es dem Verantwortlichen erm\u00f6glichen, das Verhalten der Nutzer der Websites, mit denen sie verkn\u00fcpft sind, zu beobachten und zu analysieren, einschlie\u00dflich der Quantifizierung der Auswirkungen von Werbung. Die durch diese Art von Cookies gesammelten Informationen werden verwendet, um die Aktivit\u00e4t der Websites, Anwendungen oder Plattformen zu messen, um Verbesserungen auf der Grundlage der Analyse der Nutzungsdaten der Nutzer des Dienstes einzuf\u00fchren. Die Rechtsgrundlage f\u00fcr die Verarbeitung ist die ausdr\u00fcckliche Zustimmung des Nutzers. Weitere Informationen \u00fcber diese Cookies und ihre Aufbewahrungsdauer erhalten Sie, wenn Sie den Links zur &#8222;Cookie-Richtlinie&#8220; folgen.<\/p>\n\n<p>Verhaltensbasierte Werbung<\/p>\n\n<p>Cookies f\u00fcr verhaltensbasierte Werbung speichern Informationen \u00fcber das Verhalten der Nutzer, die durch die kontinuierliche Beobachtung ihrer Surfgewohnheiten gewonnen werden und die es erm\u00f6glichen, ein spezifisches Profil zu erstellen, um darauf basierende Werbung anzuzeigen. Die Rechtsgrundlage f\u00fcr die Verarbeitung ist die ausdr\u00fcckliche Zustimmung des Nutzers. Weitere Informationen \u00fcber diese Cookies und ihre Aufbewahrungsdauer erhalten Sie, wenn Sie den Links zur &#8222;Cookie-Richtlinie&#8220; folgen.<\/p>\n\n<p>Wir verwenden eigene und fremde Cookies. In der folgenden Tabelle finden Sie alle verwendeten Cookies:<\/p>\n<p>[cookie_audit]<\/p>\n\n<h2 class=\"wp-block-heading\">Wie Sie Cookies \u00e4ndern k\u00f6nnen (Deaktivierung und L\u00f6schung)<\/h2>\n\n<p>Wie man Cookies von unserem Banner verwaltet:<\/p>\n\n<p>Innerhalb der Webseite \u00f6ffnet sich automatisch ein Fenster, in dem Sie entscheiden k\u00f6nnen, ob Sie die Installation von Cookies akzeptieren wollen, so dass diese wie in unserer Cookie-Politik vorgesehen installiert und verwendet werden k\u00f6nnen, oder ob Sie sie nach Ihren W\u00fcnschen konfigurieren wollen.<\/p>\n\n<p>Die Option zur Konfiguration von Cookies wird immer am Ende der Seite angezeigt, falls Sie Ihre Meinung \u00e4ndern.<\/p>\n\n<p>Wie Sie Cookies in Ihrem Browser verwalten k\u00f6nnen:<\/p>\n\n<p>Die meisten Browser erm\u00f6glichen es Ihnen, die Cookies einer Website einzusehen, zu verwalten, zu l\u00f6schen und zu blockieren. Bitte beachten Sie, dass Sie beim L\u00f6schen aller Cookies alle von Ihnen eingestellten Benutzereinstellungen verlieren, einschlie\u00dflich der M\u00f6glichkeit, Cookies abzulehnen, da f\u00fcr diese Funktion ein Opt-out-Cookie auf Ihrem Ger\u00e4t abgelegt werden muss.<\/p>\n\n<p>Unten sehen Sie, wie Sie Cookies in den wichtigsten Browsern verwalten k\u00f6nnen:<\/p>\n\n<p><strong>Google Chrome<\/strong><\/p>\n\n<ol class=\"wp-block-list\">\n<li>\u00d6ffnen Sie auf Ihrem Computer Chrome.<\/li>\n\n\n\n<li>Klicken Sie oben rechts auf Mehr. Einstellungen.<\/li>\n\n\n\n<li>Klicken Sie unter &#8222;Datenschutz und Sicherheit&#8220; auf Website-Einstellungen.<\/li>\n\n\n\n<li>Klicken Sie auf Cookies.<\/li>\n\n\n\n<li>Sie haben dann die M\u00f6glichkeit: Cookies zulassen: Schalten Sie den Schalter neben &#8222;Blockiert&#8220; ein.<\/li>\n<\/ol>\n\n<p>Weitere Informationen erhalten Sie beim Google-Support oder in der Browser-Hilfe.<\/p>\n\n<p><strong>Microsoft Internet Explorer<\/strong><\/p>\n\n<ol class=\"wp-block-list\">\n<li>Klicken Sie auf &#8222;Extras&#8220; in der oberen Ecke Ihres Windows-Browsers, w\u00e4hlen Sie &#8222;Internetoptionen&#8220; und klicken Sie erneut auf die Option &#8222;Datenschutz&#8220;.<\/li>\n\n\n\n<li>Vergewissern Sie sich, dass Ihre Datenschutzstufe auf Mittel oder niedriger eingestellt ist, damit Cookies in Ihrem Browser verwendet werden k\u00f6nnen.<\/li>\n\n\n\n<li>Wenn Sie eine h\u00f6here Option als Mittel w\u00e4hlen, werden Cookies nicht zugelassen.<\/li>\n<\/ol>\n\n<p>Weitere Informationen erhalten Sie beim Microsoft-Support oder in der Browser-Hilfe.<\/p>\n\n<p><strong>Mozilla Firefox<\/strong><\/p>\n\n<ol class=\"wp-block-list\">\n<li>Klicken Sie oben in Ihrem Browserfenster. Klicken Sie auf &#8222;Extras&#8220; und w\u00e4hlen Sie &#8222;Optionen&#8220;.<\/li>\n\n\n\n<li>W\u00e4hlen Sie das Symbol Datenschutz und Sicherheit.<\/li>\n\n\n\n<li>Klicken Sie auf die Option, um Cookies auf dieser Website zuzulassen.<\/li>\n<\/ol>\n\n<p>Weitere Informationen erhalten Sie beim Mozilla-Support oder in der Hilfe des Browsers.<\/p>\n\n<p><strong>Safari<\/strong><\/p>\n\n<ol class=\"wp-block-list\">\n<li>Klicken Sie auf das Werkzeugsymbol oben in Ihrem Browser und w\u00e4hlen Sie die Option &#8222;Einstellungen&#8220;.<\/li>\n\n\n\n<li>Klicken Sie auf &#8222;Datenschutz und Sicherheit&#8220; und w\u00e4hlen Sie die Option &#8222;Cross-Site-Tracking verhindern&#8220;.<\/li>\n\n\n\n<li>Klicken Sie auf &#8222;Speichern&#8220;.<\/li>\n<\/ol>\n\n<p>F\u00fcr weitere Informationen k\u00f6nnen Sie den Apple-Support oder die Browser-Hilfe konsultieren.<\/p>\n\n<p>Sie k\u00f6nnen auch die von der spanischen Datenschutzbeh\u00f6rde ver\u00f6ffentlichten Video-Tutorials ansehen: http:\/\/www.youtube.com\/user\/desdelaAEPD<\/p>\n\n<h2 class=\"wp-block-heading\">\u00c4nderungen in der Cookie-Politik.<\/h2>\n\n<p>Dieser Datenschutzhinweis kann aufgrund neuer gesetzlicher Bestimmungen ge\u00e4ndert, erg\u00e4nzt oder aktualisiert werden. Dieses Dokument wird immer die aktualisierte, an die neuen Anforderungen angepasste Version sein.<\/p>\n\n<p>Interessierte Personen k\u00f6nnen ihr Recht auf Auskunft, Berichtigung, L\u00f6schung oder Widerspruch aus\u00fcben, indem sie eine E-Mail an die folgende Adresse senden: <a href=\"mailto:international@jubopadel.com\">international@jubopadel.com<\/a><\/p>\n\n<h3 class=\"wp-block-heading\">Datenverarbeitung und Aus\u00fcbung der Rechte.<\/h3>\n\n<p>Die personenbezogenen Daten, die wir durch die Verwendung von Cookies sammeln, werden von JUBO PADEL verarbeitet.<\/p>\n\n<p>Ihre personenbezogenen Daten werden zu dem Zweck verarbeitet, der in jedem der in der obigen Tabelle aufgef\u00fchrten Cookies angegeben ist. Die Verarbeitung dieser personenbezogenen Daten erfolgt auf der Grundlage Ihrer Zustimmung.<\/p>\n\n<p>Sie k\u00f6nnen Ihre Rechte auf Auskunft, Berichtigung, L\u00f6schung und Widerspruch sowie das Recht auf Einschr\u00e4nkung der Verarbeitung, das Recht auf \u00dcbertragbarkeit Ihrer Daten und das Recht, keinen automatisierten Entscheidungen unterworfen zu werden, aus\u00fcben, indem Sie Ihre Identit\u00e4t durch einen Personalausweis oder ein gleichwertiges Dokument nachweisen und eine E-Mail an <a href=\"mailto:international@jubopadel.com\">international@jubopadel.com<\/a> senden.<\/p>\n\n<p>Sie k\u00f6nnen die f\u00fcr jede Art von Cookie erteilte Zustimmung jederzeit \u00fcber unser Cookie-Konfigurationspanel widerrufen.<\/p>\n\n<p>Wenn Sie der Meinung sind, dass JUBO PADEL eines der oben genannten Rechte nicht respektiert hat, haben Sie das Recht, eine Beschwerde bei der spanischen Datenschutzbeh\u00f6rde einzureichen.<\/p>\n\n<h3 class=\"wp-block-heading\">An wen Ihre Daten weitergegeben werden<\/h3>\n\n<p>Im Allgemeinen werden die durch die Cookies dieser Website erhobenen Nutzerdaten nicht an Dritte weitergegeben.<\/p>\n\n<p>Aufgrund der Verwendung von Cookies von Drittanbietern ist es jedoch m\u00f6glich, dass die erhobenen Daten au\u00dferhalb der Europ\u00e4ischen Union \u00fcbermittelt werden, da diese Cookies au\u00dferhalb des Europ\u00e4ischen Wirtschaftsraums gehostet werden k\u00f6nnen.<\/p>\n\n<h3 class=\"wp-block-heading\">WEITERE INFORMATIONEN \u00dcBER DIE VERARBEITUNG PERSONENBEZOGENER DATEN<\/h3>\n\n<p>Weitere Informationen \u00fcber die Verarbeitung Ihrer personenbezogenen Daten finden Sie in unserer Datenschutzrichtlinie.<\/p>\n","protected":false},"excerpt":{"rendered":"<p>Was sind Cookies? Cookies sind kleine Dateien, die auf dem Computer des Nutzers generiert werden und die es uns erm\u00f6glichen, die H\u00e4ufigkeit der Besuche, die am h\u00e4ufigsten gew\u00e4hlten Inhalte und die Sicherheitselemente zu kennen, die in die Kontrolle des Zugangs zu gesperrten Bereichen eingreifen k\u00f6nnen, sowie die Anzeige von Werbung nach Kriterien, die von JUBO [&hellip;]<\/p>\n","protected":false},"author":1,"featured_media":0,"parent":0,"menu_order":0,"comment_status":"closed","ping_status":"closed","template":"","meta":{"footnotes":""},"class_list":["post-3668","page","type-page","status-publish","hentry"],"_links":{"self":[{"href":"https:\/\/jubopadel.com\/de\/wp-json\/wp\/v2\/pages\/3668","targetHints":{"allow":["GET"]}}],"collection":[{"href":"https:\/\/jubopadel.com\/de\/wp-json\/wp\/v2\/pages"}],"about":[{"href":"https:\/\/jubopadel.com\/de\/wp-json\/wp\/v2\/types\/page"}],"author":[{"embeddable":true,"href":"https:\/\/jubopadel.com\/de\/wp-json\/wp\/v2\/users\/1"}],"replies":[{"embeddable":true,"href":"https:\/\/jubopadel.com\/de\/wp-json\/wp\/v2\/comments?post=3668"}],"version-history":[{"count":7,"href":"https:\/\/jubopadel.com\/de\/wp-json\/wp\/v2\/pages\/3668\/revisions"}],"predecessor-version":[{"id":18380,"href":"https:\/\/jubopadel.com\/de\/wp-json\/wp\/v2\/pages\/3668\/revisions\/18380"}],"wp:attachment":[{"href":"https:\/\/jubopadel.com\/de\/wp-json\/wp\/v2\/media?parent=3668"}],"curies":[{"name":"wp","href":"https:\/\/api.w.org\/{rel}","templated":true}]}}