{"id":3549,"date":"2023-06-23T10:59:28","date_gmt":"2023-06-23T10:59:28","guid":{"rendered":"https:\/\/jubopadel.com\/datenschutzbestimmungen\/"},"modified":"2024-07-04T07:21:43","modified_gmt":"2024-07-04T07:21:43","slug":"datenschutzbestimmungen","status":"publish","type":"page","link":"https:\/\/jubopadel.com\/de\/datenschutzbestimmungen\/","title":{"rendered":"Datenschutzbestimmungen"},"content":{"rendered":"\n<p>Diese Datenschutzrichtlinie steht im Einklang mit der Verordnung (EU) 2016\/679 des Europ\u00e4ischen Parlaments und des Rates vom 27. April 2016 zum Schutz nat\u00fcrlicher Personen bei der Verarbeitung personenbezogener Daten und zum freien Datenverkehr (RGPD), dem Organgesetz 3\/2018 vom 5. Dezember, \u00fcber den Schutz personenbezogener Daten und die Gew\u00e4hrleistung digitaler Rechte (LOPDGDD) sowie, soweit dies nicht im Widerspruch zu den vorgenannten Vorschriften steht, zum Organgesetz 15\/1999 \u00fcber den Schutz personenbezogener Daten (LOPD) und seinen Durchf\u00fchrungsbestimmungen und\/oder denjenigen, die sie in Zukunft ersetzen oder aktualisieren werden.<br\/>Unsere Organisation ist dem Schutz Ihrer pers\u00f6nlichen Daten verpflichtet. Die zur Verf\u00fcgung gestellten personenbezogenen Daten sind f\u00fcr die Erbringung unserer Dienstleistungen erforderlich und werden auf rechtm\u00e4\u00dfige, faire und transparente Weise verarbeitet, wobei eine angemessene Sicherheit derselben gew\u00e4hrleistet wird, einschlie\u00dflich des Schutzes gegen unbefugte oder unrechtm\u00e4\u00dfige Verarbeitung und gegen zuf\u00e4lligen Verlust, Zerst\u00f6rung oder Besch\u00e4digung durch die Anwendung technischer und organisatorischer Ma\u00dfnahmen.<br\/>Wir m\u00f6chten Ihnen alle notwendigen Informationen \u00fcber die Verarbeitung Ihrer personenbezogenen Daten durch diese Organisation auf transparente und faire Weise zur Verf\u00fcgung stellen.<\/p>\n\n<h2 class=\"wp-block-heading\">I.- Verantwortlich f\u00fcr die Behandlung<\/h2>\n\n<ul class=\"wp-block-list\">\n<li>IDENTIT\u00c4T: JUBO PADEL INTERNATIONAL, S.L.<\/li>\n\n\n\n<li>C.I.F. \/ N.I.F.: B53298808<\/li>\n\n\n\n<li>ADRESSE: CALLE RIU XUQUER, NUM 6 &#8211; 03778 BENIARBEIG &#8211; (ALICANTE)<\/li>\n\n\n\n<li>E-MAIL: info@jubopadel.com<\/li>\n<\/ul>\n\n<h2 class=\"wp-block-heading\">II.- Empf\u00e4nger von personenbezogenen Daten<\/h2>\n\n<ol class=\"wp-block-list\">\n<li>Die zur Verf\u00fcgung gestellten personenbezogenen Daten werden in keiner Weise weitergegeben, es sei denn, dies ist in den spezifischen Behandlungen vorgesehen.<\/li>\n\n\n\n<li>Bei der Inanspruchnahme von Cloud-Computing-Diensten und\/oder Diensten f\u00fcr den Versand von E-Mails, Kommunikation sowie anderen damit verbundenen Computerdiensten k\u00f6nnen personenbezogene Daten<\/li>\n<\/ol>\n\n<p>w\u00e4re:<\/p>\n\n<ul class=\"wp-block-list\">\n<li>Zugewiesen an Computerdienstleistungsunternehmen mit Sitz im Europ\u00e4ischen Wirtschaftsraum (EWR) oder,<\/li>\n\n\n\n<li>\u00dcbermittlung an Computerdienstleister au\u00dferhalb des EWR, die unter das Privacy Shield fallen, so dass sie \u00fcber angemessene Schutzma\u00dfnahmen verf\u00fcgen, um die Sicherheit personenbezogener Daten zu gew\u00e4hrleisten. Weitere Informationen erhalten Sie unter folgendem Link: https:\/\/www.privacyshield.gov\/welcome<\/li>\n<\/ul>\n\n<h2 class=\"wp-block-heading\">III. Rechtsgrundlage, die die Verarbeitung personenbezogener Daten legitimiert<\/h2>\n\n<p>Bei jeder spezifischen Verarbeitung personenbezogener Daten werden wir Sie \u00fcber die Rechtsgrundlage informieren, die diese Verarbeitung legitimiert.<\/p>\n\n<h2 class=\"wp-block-heading\">IV.- Rechte<\/h2>\n\n<h3 class=\"wp-block-heading\">Recht auf Zugang<\/h3>\n\n<p>Es handelt sich um das Recht, von dem f\u00fcr die Verarbeitung Verantwortlichen eine Best\u00e4tigung dar\u00fcber zu erhalten, ob er personenbezogene Daten verarbeitet, die die betroffene Person betreffen, und in diesem Fall das Recht auf Zugang zu den personenbezogenen Daten und auf folgende Informationen: Zweck der Verarbeitung, Kategorien personenbezogener Daten. die Empf\u00e4nger oder Kategorien von Empf\u00e4ngern, an die die personenbezogenen Daten \u00fcbermittelt wurden oder werden, die Aufbewahrungsfrist oder die Kriterien f\u00fcr die Festlegung dieser Frist, das Bestehen des Rechts, von dem f\u00fcr die Verarbeitung Verantwortlichen die Berichtigung oder L\u00f6schung der Daten zu verlangen. personenbezogener Daten oder die Einschr\u00e4nkung der Verarbeitung personenbezogener Daten des Betroffenen oder das Recht, sich dieser Verarbeitung zu widersetzen, das Recht, eine Beschwerde bei der spanischen Datenschutzbeh\u00f6rde (AEPD) einzureichen, gegebenenfalls das Vorliegen automatisierter Entscheidungen, einschlie\u00dflich der Erstellung von Profilen, bei der \u00dcbermittlung von Daten in Drittl\u00e4nder das Recht, \u00fcber die entsprechenden Garantien informiert zu werden.<\/p>\n\n<h3 class=\"wp-block-heading\">Recht auf Berichtigung<\/h3>\n\n<p>Sie haben das Recht, die Berichtigung Ihrer personenbezogenen Daten zu verlangen, wenn diese unrichtig sind, einschlie\u00dflich des Rechts, unvollst\u00e4ndig erscheinende Daten zu erg\u00e4nzen. Es ist zu ber\u00fccksichtigen, dass Sie, wenn Sie uns personenbezogene Daten zur Verf\u00fcgung stellen, garantieren, dass diese wahrheitsgetreu und korrekt sind, und sich verpflichten, uns alle \u00c4nderungen oder Erg\u00e4nzungen mitzuteilen. F\u00fcr Sch\u00e4den, die durch die \u00dcbermittlung falscher, ungenauer oder unvollst\u00e4ndiger Angaben in den Webformularen entstehen, haftet daher ausschlie\u00dflich der Interessent.<\/p>\n\n<h3 class=\"wp-block-heading\">Recht auf L\u00f6schung<\/h3>\n\n<p>Sie haben das Recht, die L\u00f6schung Ihrer personenbezogenen Daten zu verlangen, wenn diese u. a. f\u00fcr den Zweck, f\u00fcr den sie erhoben wurden, nicht mehr erforderlich sind, wenn sie auf andere Weise verarbeitet werden oder wenn Sie Ihre Einwilligung widerrufen. Es muss ber\u00fccksichtigt werden, dass die L\u00f6schung nicht erfolgt, wenn die Daten verarbeitet werden<br\/>Die Weitergabe personenbezogener Daten ist unter anderem f\u00fcr die Erf\u00fcllung gesetzlicher Verpflichtungen oder f\u00fcr die Formulierung, Aus\u00fcbung oder Verteidigung von Anspr\u00fcchen erforderlich.<\/p>\n\n<h3 class=\"wp-block-heading\">Recht auf Verj\u00e4hrung<\/h3>\n\n<p>Es handelt sich um das Recht, die Einschr\u00e4nkung der Verarbeitung Ihrer personenbezogenen Daten zu verlangen, was bedeutet, dass Sie uns in bestimmten F\u00e4llen bitten k\u00f6nnen, die Verarbeitung Ihrer personenbezogenen Daten vor\u00fcbergehend auszusetzen oder sie \u00fcber den Zeitraum hinaus aufzubewahren, in dem Sie sie m\u00f6glicherweise ben\u00f6tigen.<\/p>\n\n<h3 class=\"wp-block-heading\">Recht auf Widerruf der Zustimmung<\/h3>\n\n<p>Es ist das Recht, die Zustimmung, die Sie durch Ankreuzen &#8222;Ich habe gelesen und akzeptiere die Datenschutzbestimmungen&#8220; jederzeit und wie in den entsprechenden Abschnitt &#8222;Aus\u00fcbung von Rechten&#8220; oder in der spezifischen Behandlung der kommerziellen Kommunikation oder Newsletter angegeben zur\u00fcckzuziehen. Es ist zu ber\u00fccksichtigen, dass dieses Recht nicht greift, wenn die Verarbeitung personenbezogener Daten unter anderem zur Erf\u00fcllung einer rechtlichen Verpflichtung, zur Durchf\u00fchrung und Aufrechterhaltung eines Vertragsverh\u00e4ltnisses oder zur Geltendmachung, Aus\u00fcbung oder Verteidigung von Rechtsanspr\u00fcchen erforderlich ist. Ebenso hat der Widerruf der Einwilligung keine R\u00fcckwirkung, d. h. er ber\u00fchrt nicht die Rechtm\u00e4\u00dfigkeit der Behandlung, die auf der Einwilligung vor deren Widerruf beruht.<\/p>\n\n<h3 class=\"wp-block-heading\">Recht auf \u00dcbertragbarkeit<\/h3>\n\n<p>Sie haben das Recht, die Sie betreffenden personenbezogenen Daten, die Sie uns zur Verf\u00fcgung gestellt haben, in einem strukturierten, g\u00e4ngigen und maschinenlesbaren Format zu erhalten und sie an einen anderen Verantwortlichen zu \u00fcbermitteln, sofern: die Verarbeitung auf Ihrer Zustimmung beruht und mit automatisierten oder informatischen Mitteln erfolgt.<\/p>\n\n<h3 class=\"wp-block-heading\">Recht auf Widerspruch  <\/h3>\n\n<p>Sie haben das Recht, der Verarbeitung Ihrer personenbezogenen Daten auf der Grundlage unserer berechtigten Interessen zu widersprechen. Wir werden Ihre personenbezogenen Daten nicht weiterverarbeiten, es sei denn, wir k\u00f6nnen zwingende schutzw\u00fcrdige Gr\u00fcnde f\u00fcr die Verarbeitung nachweisen, die Ihre Interessen, Rechte und Freiheiten \u00fcberwiegen, oder f\u00fcr die Feststellung, Aus\u00fcbung oder Verteidigung von Anspr\u00fcchen.<\/p>\n\n<h3 class=\"wp-block-heading\">Recht auf Einreichung einer Beschwerde bei einer Kontrollbeh\u00f6rde<\/h3>\n\n<p>Wenn Sie der Meinung sind, dass wir Ihre pers\u00f6nlichen Daten nicht korrekt behandeln, k\u00f6nnen Sie sich mit uns in Verbindung setzen oder Sie haben das Recht, eine Beschwerde bei der spanischen Datenschutzbeh\u00f6rde (AEPD) einzureichen:<br\/><a href=\"https:\/\/www.agpd.es\/portalwebAGPD\/index-ides-idphp.php\" target=\"_blank\" rel=\"noopener\">https:\/\/www.agpd.es\/portalwebAGPD\/index-ides-idphp.php<\/a><\/p>\n\n<h3 class=\"wp-block-heading\">Aus\u00fcbung der Rechte<\/h3>\n\n<p>Sie k\u00f6nnen Ihre Rechte aus\u00fcben, indem Sie sich schriftlich an die oben angegebene Postanschrift oder per E-Mail an info@jubopadel.com wenden und in beiden F\u00e4llen eine Kopie Ihres NIF\/NIE\/Passes oder eines \u00e4hnlichen Dokuments beif\u00fcgen.<\/p>\n\n<h2 class=\"wp-block-heading\">V. &#8211; Verarbeitung von personenbezogenen Daten<\/h2>\n\n<h3 class=\"wp-block-heading\">Allgemeine Bestimmungen<\/h3>\n\n<p>Die personenbezogenen Daten, die in jeder der spezifischen Behandlungen angefordert werden, sind angemessen, relevant und auf das beschr\u00e4nkt, was in Bezug auf die Zwecke, f\u00fcr die sie verarbeitet werden, notwendig ist, so dass der Grundsatz der Datenminimierung eingehalten wird.<br\/>Die f\u00fcr jede der spezifischen Behandlungen angeforderten personenbezogenen Daten sind unbedingt erforderlich; ihre Verweigerung w\u00fcrde bedeuten, dass die angeforderte Dienstleistung nicht erbracht werden kann.<br\/>Die \u00dcbermittlung personenbezogener Daten, die in jeder der spezifischen Behandlungen vorgesehen ist, ist in einigen F\u00e4llen f\u00fcr die Ausf\u00fchrung und Aufrechterhaltung eines Vertrags und in anderen F\u00e4llen f\u00fcr die Erf\u00fcllung einer gesetzlichen Verpflichtung erforderlich, die f\u00fcr die f\u00fcr die Behandlung verantwortliche Person gilt.<\/p>\n\n<h3 class=\"wp-block-heading\">Digitaler Assistent &#8211; &#8222;Chatbot&#8220; oder &#8222;Online-Chat&#8220;<\/h3>\n\n<p>F\u00fcr den Fall, dass auf dieser Website eine Online-Chat-Software eingesetzt wird, die als Selbstbedienung zur Verf\u00fcgung gestellt wird, um den Nutzern eine angemessene und schnelle Antwort auf allgemeine Fragen zu geben und die Dienstleistungen f\u00fcr die Verbraucher zum Nutzen der Nutzer, die die Website besuchen, zu verbessern, werden w\u00e4hrend der Konversation mit dem &#8222;Chatbot&#8220; folgende Daten verarbeitet: die IP-Adresse und andere personenbezogene Daten, die in die Konversationsfunktion des &#8222;Chatbots&#8220; eingegeben werden.<br\/>Die erhobenen Daten werden nicht dazu benutzt, den Besucher dieser Website pers\u00f6nlich zu identifizieren und werden nicht mit personenbezogenen Daten \u00fcber den Tr\u00e4ger des Pseudonyms zusammengef\u00fchrt, es sei denn, diese Daten werden von ihm im Rahmen der Nutzung des Online-Chats freiwillig mitgeteilt.<br\/>Die Rechtsgrundlage f\u00fcr diese Verarbeitung ist in Artikel 6 Absatz 1 Buchstabe f der Datenschutz-Grundverordnung festgelegt.<\/p>\n\n<h3 class=\"wp-block-heading\">Kontakt-Formular<\/h3>\n\n<p>Personenbezogene Daten werden verarbeitet, um Informationsanfragen, Anregungen und Beschwerden von Nutzern oder Kunden zu bearbeiten.<br\/>Die Rechtsgrundlage, die die Verarbeitung personenbezogener Daten legitimiert, ist die ausdr\u00fcckliche Zustimmung durch Ankreuzen von &#8222;Ich habe die Datenschutzbestimmungen gelesen und akzeptiere sie&#8220;.<br\/>Die personenbezogenen Daten werden f\u00fcr einen Zeitraum von zwei Jahren nach Beendigung der Verarbeitung aufbewahrt, unbeschadet der Aus\u00fcbung der Rechte, die Ihnen als Betroffenem zustehen.<\/p>\n\n<h3 class=\"wp-block-heading\">Kommerzielle Mitteilungen oder Newsletter<\/h3>\n\n<p>Personenbezogene Daten werden verarbeitet, um das Abonnement unseres Newsletters zu verwalten, einschlie\u00dflich des Versands von personalisierten oder nicht personalisierten Informationen \u00fcber unsere Produkte oder Dienstleistungen \u00fcber verschiedene Wege wie Telefon, E-Mail, SMS, Anwendungen f\u00fcr mobile Ger\u00e4te sowie \u00fcber beliebige Verfahren. analog. Es ist zu ber\u00fccksichtigen, dass diese Art der Datenverarbeitung die Analyse Ihres Benutzerprofils beinhalten kann, um Ihre Pr\u00e4ferenzen zu ermitteln und Ihnen somit Informationen zukommen lassen zu k\u00f6nnen, die Ihren Interessen besser entsprechen.<br\/>Sie k\u00f6nnen die Stornierung dieser Art von Behandlung, je nach den verwendeten Mitteln, auf folgende Weise beantragen: &#8211; E-Mail: \u00dcber den entsprechenden Link, den Sie in jeder der Mitteilungen finden.<br\/>auf elektronischem Wege oder durch ein \u00e4hnliches, in der kommerziellen Mitteilung angegebenes Verfahren. &#8211; WhatsApp (andere Apps): Bitte um Abmeldung.<\/p>\n\n<h4 class=\"wp-block-heading\">&#8211; SMS: Bitte um Abmeldung.<\/h4>\n\n<p>Die Rechtsgrundlage, die die Verarbeitung personenbezogener Daten legitimiert, ist die ausdr\u00fcckliche Zustimmung: durch Ankreuzen von &#8222;Ich habe die Datenschutzbestimmungen gelesen und akzeptiere sie&#8220; auf der Website, durch ein physisches Dokument oder per E-Mail, je nach Fall.<br\/>Es ist zu ber\u00fccksichtigen, dass, wenn das verwendete Medium WhatsApp ist, die personenbezogenen Daten an WhatsApp Ireland Limited \u00fcbermittelt werden, das sich innerhalb des EWR befindet.<br\/>Die personenbezogenen Daten werden so lange aufbewahrt, wie Sie Ihre Einwilligung nicht in der in diesem Abschnitt angegebenen Weise widerrufen.<\/p>\n","protected":false},"excerpt":{"rendered":"<p>Diese Datenschutzrichtlinie steht im Einklang mit der Verordnung (EU) 2016\/679 des Europ\u00e4ischen Parlaments und des Rates vom 27. April 2016 zum Schutz nat\u00fcrlicher Personen bei der Verarbeitung personenbezogener Daten und zum freien Datenverkehr (RGPD), dem Organgesetz 3\/2018 vom 5. Dezember, \u00fcber den Schutz personenbezogener Daten und die Gew\u00e4hrleistung digitaler Rechte (LOPDGDD) sowie, soweit dies nicht [&hellip;]<\/p>\n","protected":false},"author":1,"featured_media":0,"parent":0,"menu_order":0,"comment_status":"closed","ping_status":"open","template":"","meta":{"footnotes":""},"class_list":["post-3549","page","type-page","status-publish","hentry"],"_links":{"self":[{"href":"https:\/\/jubopadel.com\/de\/wp-json\/wp\/v2\/pages\/3549","targetHints":{"allow":["GET"]}}],"collection":[{"href":"https:\/\/jubopadel.com\/de\/wp-json\/wp\/v2\/pages"}],"about":[{"href":"https:\/\/jubopadel.com\/de\/wp-json\/wp\/v2\/types\/page"}],"author":[{"embeddable":true,"href":"https:\/\/jubopadel.com\/de\/wp-json\/wp\/v2\/users\/1"}],"replies":[{"embeddable":true,"href":"https:\/\/jubopadel.com\/de\/wp-json\/wp\/v2\/comments?post=3549"}],"version-history":[{"count":8,"href":"https:\/\/jubopadel.com\/de\/wp-json\/wp\/v2\/pages\/3549\/revisions"}],"predecessor-version":[{"id":9538,"href":"https:\/\/jubopadel.com\/de\/wp-json\/wp\/v2\/pages\/3549\/revisions\/9538"}],"wp:attachment":[{"href":"https:\/\/jubopadel.com\/de\/wp-json\/wp\/v2\/media?parent=3549"}],"curies":[{"name":"wp","href":"https:\/\/api.w.org\/{rel}","templated":true}]}}